{"id":10622,"date":"2024-09-17T13:13:19","date_gmt":"2024-09-17T11:13:19","guid":{"rendered":"https:\/\/optio.ruhr-uni-bochum.de\/?page_id=10622"},"modified":"2025-10-17T11:09:22","modified_gmt":"2025-10-17T09:09:22","slug":"anreise","status":"publish","type":"page","link":"https:\/\/optio.ruhr-uni-bochum.de\/index.php\/anreise\/","title":{"rendered":"Anreise"},"content":{"rendered":"\t\t<div data-elementor-type=\"wp-page\" data-elementor-id=\"10622\" class=\"elementor elementor-10622\" data-elementor-settings=\"{&quot;ha_cmc_init_switcher&quot;:&quot;no&quot;}\" data-elementor-post-type=\"page\">\n\t\t\t\t\t\t<section class=\"elementor-section elementor-top-section elementor-element elementor-element-b90edd2 elementor-section-boxed elementor-section-height-default elementor-section-height-default\" data-id=\"b90edd2\" data-element_type=\"section\" data-e-type=\"section\" data-settings=\"{&quot;_ha_eqh_enable&quot;:false}\">\n\t\t\t\t\t\t<div class=\"elementor-container elementor-column-gap-default\">\n\t\t\t\t\t<div class=\"elementor-column elementor-col-100 elementor-top-column elementor-element elementor-element-270e017\" data-id=\"270e017\" data-element_type=\"column\" data-e-type=\"column\">\n\t\t\t<div class=\"elementor-widget-wrap elementor-element-populated\">\n\t\t\t\t\t\t<div class=\"elementor-element elementor-element-203efd3 elementor-hidden-desktop ha-has-bg-overlay elementor-widget elementor-widget-text-editor\" data-id=\"203efd3\" data-element_type=\"widget\" data-e-type=\"widget\" data-widget_type=\"text-editor.default\">\n\t\t\t\t<div class=\"elementor-widget-container\">\n\t\t\t\t\t\t\t\t\t<p><b>Anreise<\/b><\/p>\t\t\t\t\t\t\t\t<\/div>\n\t\t\t\t<\/div>\n\t\t\t\t<div class=\"elementor-element elementor-element-3ddea90 elementor-hidden-tablet elementor-hidden-mobile ha-has-bg-overlay elementor-invisible elementor-widget elementor-widget-text-editor\" data-id=\"3ddea90\" data-element_type=\"widget\" data-e-type=\"widget\" data-settings=\"{&quot;_animation&quot;:&quot;fadeInLeft&quot;}\" data-widget_type=\"text-editor.default\">\n\t\t\t\t<div class=\"elementor-widget-container\">\n\t\t\t\t\t\t\t\t\t<p style=\"text-align: right;\">Anreise<\/p>\t\t\t\t\t\t\t\t<\/div>\n\t\t\t\t<\/div>\n\t\t\t\t\t<\/div>\n\t\t<\/div>\n\t\t\t\t\t<\/div>\n\t\t<\/section>\n\t\t\t\t<section class=\"elementor-section elementor-top-section elementor-element elementor-element-d532a25 elementor-section-boxed elementor-section-height-default elementor-section-height-default\" data-id=\"d532a25\" data-element_type=\"section\" data-e-type=\"section\" data-settings=\"{&quot;_ha_eqh_enable&quot;:false}\">\n\t\t\t\t\t\t<div class=\"elementor-container elementor-column-gap-default\">\n\t\t\t\t\t<div class=\"elementor-column elementor-col-50 elementor-top-column elementor-element elementor-element-9b9112c\" data-id=\"9b9112c\" data-element_type=\"column\" data-e-type=\"column\" data-settings=\"{&quot;background_background&quot;:&quot;classic&quot;}\">\n\t\t\t<div class=\"elementor-widget-wrap elementor-element-populated\">\n\t\t\t\t\t\t<div class=\"elementor-element elementor-element-4220144 ha-has-bg-overlay elementor-widget elementor-widget-heading\" data-id=\"4220144\" data-element_type=\"widget\" data-e-type=\"widget\" data-widget_type=\"heading.default\">\n\t\t\t\t<div class=\"elementor-widget-container\">\n\t\t\t\t\t<h2 class=\"elementor-heading-title elementor-size-default\">Campusplan<br> <\/h2>\t\t\t\t<\/div>\n\t\t\t\t<\/div>\n\t\t\t\t<div class=\"elementor-element elementor-element-41cf105 elementor-widget elementor-widget-image\" data-id=\"41cf105\" data-element_type=\"widget\" data-e-type=\"widget\" data-widget_type=\"image.default\">\n\t\t\t\t<div class=\"elementor-widget-container\">\n\t\t\t\t\t\t\t\t\t\t\t\t\t\t\t\t<a href=\"https:\/\/optio.ruhr-uni-bochum.de\/wp-content\/uploads\/2021\/12\/Lageplan_RUB-Optionalbereich.png\" data-elementor-open-lightbox=\"yes\" data-elementor-lightbox-title=\"Lageplan_RUB Optionalbereich\" data-e-action-hash=\"#elementor-action%3Aaction%3Dlightbox%26settings%3DeyJpZCI6NTM0MCwidXJsIjoiaHR0cHM6XC9cL29wdGlvLnJ1aHItdW5pLWJvY2h1bS5kZVwvd3AtY29udGVudFwvdXBsb2Fkc1wvMjAyMVwvMTJcL0xhZ2VwbGFuX1JVQi1PcHRpb25hbGJlcmVpY2gucG5nIn0%3D\">\n\t\t\t\t\t\t\t<img fetchpriority=\"high\" decoding=\"async\" width=\"1258\" height=\"890\" src=\"https:\/\/optio.ruhr-uni-bochum.de\/wp-content\/uploads\/2021\/12\/Lageplan_RUB-Optionalbereich.png\" class=\"attachment-full size-full wp-image-5340\" alt=\"\" srcset=\"https:\/\/optio.ruhr-uni-bochum.de\/wp-content\/uploads\/2021\/12\/Lageplan_RUB-Optionalbereich.png 1258w, https:\/\/optio.ruhr-uni-bochum.de\/wp-content\/uploads\/2021\/12\/Lageplan_RUB-Optionalbereich-300x212.png 300w, https:\/\/optio.ruhr-uni-bochum.de\/wp-content\/uploads\/2021\/12\/Lageplan_RUB-Optionalbereich-1024x724.png 1024w, https:\/\/optio.ruhr-uni-bochum.de\/wp-content\/uploads\/2021\/12\/Lageplan_RUB-Optionalbereich-768x543.png 768w\" sizes=\"(max-width: 1258px) 100vw, 1258px\" \/>\t\t\t\t\t\t\t\t<\/a>\n\t\t\t\t\t\t\t\t\t\t\t\t\t\t\t<\/div>\n\t\t\t\t<\/div>\n\t\t\t\t\t<\/div>\n\t\t<\/div>\n\t\t\t\t<div class=\"elementor-column elementor-col-50 elementor-top-column elementor-element elementor-element-244d82a\" data-id=\"244d82a\" data-element_type=\"column\" data-e-type=\"column\" data-settings=\"{&quot;background_background&quot;:&quot;classic&quot;}\">\n\t\t\t<div class=\"elementor-widget-wrap elementor-element-populated\">\n\t\t\t\t\t\t<div class=\"elementor-element elementor-element-6c79a5b ha-has-bg-overlay elementor-widget elementor-widget-heading\" data-id=\"6c79a5b\" data-element_type=\"widget\" data-e-type=\"widget\" data-widget_type=\"heading.default\">\n\t\t\t\t<div class=\"elementor-widget-container\">\n\t\t\t\t\t<h2 class=\"elementor-heading-title elementor-size-default\">Wegbeschreibung von HGA<\/h2>\t\t\t\t<\/div>\n\t\t\t\t<\/div>\n\t\t\t\t<div class=\"elementor-element elementor-element-cd01c06 elementor-arrows-position-inside elementor-pagination-position-outside elementor-widget elementor-widget-image-carousel\" data-id=\"cd01c06\" data-element_type=\"widget\" data-e-type=\"widget\" data-settings=\"{&quot;slides_to_show&quot;:&quot;1&quot;,&quot;infinite&quot;:&quot;no&quot;,&quot;navigation&quot;:&quot;both&quot;,&quot;effect&quot;:&quot;slide&quot;,&quot;speed&quot;:500}\" data-widget_type=\"image-carousel.default\">\n\t\t\t\t<div class=\"elementor-widget-container\">\n\t\t\t\t\t\t\t<div class=\"elementor-image-carousel-wrapper swiper\" role=\"region\" aria-roledescription=\"carousel\" aria-label=\"Bild Karussell\" dir=\"ltr\">\n\t\t\t<div class=\"elementor-image-carousel swiper-wrapper\" aria-live=\"polite\">\n\t\t\t\t\t\t\t\t<div class=\"swiper-slide\" role=\"group\" aria-roledescription=\"slide\" aria-label=\"1 von 9\"><figure class=\"swiper-slide-inner\"><img decoding=\"async\" class=\"swiper-slide-image\" src=\"https:\/\/optio.ruhr-uni-bochum.de\/wp-content\/uploads\/2022\/08\/e2ff3e4f9a23c57b-threema-20220801-092419622.jpg\" alt=\"Betreten Sie zun\u00e4chst \u00fcber die Ebene 02 das Geb\u00e4ude HGA.\" \/><figcaption class=\"elementor-image-carousel-caption\">Betreten Sie zun\u00e4chst \u00fcber die Ebene 02 das Geb\u00e4ude HGA.<\/figcaption><\/figure><\/div><div class=\"swiper-slide\" role=\"group\" aria-roledescription=\"slide\" aria-label=\"2 von 9\"><figure class=\"swiper-slide-inner\"><img decoding=\"async\" class=\"swiper-slide-image\" src=\"https:\/\/optio.ruhr-uni-bochum.de\/wp-content\/uploads\/2022\/08\/cc74e18c72472fb9-threema-20220801-092420461.jpg\" alt=\"Anschlie\u00dfend halten Sie sich rechts vorbei am H\u00f6rsaal.\" \/><figcaption class=\"elementor-image-carousel-caption\">Anschlie\u00dfend halten Sie sich rechts vorbei am H\u00f6rsaal.<\/figcaption><\/figure><\/div><div class=\"swiper-slide\" role=\"group\" aria-roledescription=\"slide\" aria-label=\"3 von 9\"><figure class=\"swiper-slide-inner\"><img decoding=\"async\" class=\"swiper-slide-image\" src=\"https:\/\/optio.ruhr-uni-bochum.de\/wp-content\/uploads\/2022\/08\/fc9aef60f669dde2-threema-20220801-092421931.jpg\" alt=\"Gehen Sie die Treppe herunter.\" \/><figcaption class=\"elementor-image-carousel-caption\">Gehen Sie die Treppe herunter.<\/figcaption><\/figure><\/div><div class=\"swiper-slide\" role=\"group\" aria-roledescription=\"slide\" aria-label=\"4 von 9\"><figure class=\"swiper-slide-inner\"><img decoding=\"async\" class=\"swiper-slide-image\" src=\"https:\/\/optio.ruhr-uni-bochum.de\/wp-content\/uploads\/2022\/08\/b3f2f12beccfeac7-threema-20220801-092422263.jpg\" alt=\"Nun sehen Sie links eine weitere Treppe.\" \/><figcaption class=\"elementor-image-carousel-caption\">Nun sehen Sie links eine weitere Treppe.<\/figcaption><\/figure><\/div><div class=\"swiper-slide\" role=\"group\" aria-roledescription=\"slide\" aria-label=\"5 von 9\"><figure class=\"swiper-slide-inner\"><img decoding=\"async\" class=\"swiper-slide-image\" src=\"https:\/\/optio.ruhr-uni-bochum.de\/wp-content\/uploads\/2022\/08\/afb55ec1b5df142d-threema-20220801-092422635.jpg\" alt=\"Gehen Sie die Treppe herunter.\" \/><figcaption class=\"elementor-image-carousel-caption\">Gehen Sie die Treppe herunter.<\/figcaption><\/figure><\/div><div class=\"swiper-slide\" role=\"group\" aria-roledescription=\"slide\" aria-label=\"6 von 9\"><figure class=\"swiper-slide-inner\"><img decoding=\"async\" class=\"swiper-slide-image\" src=\"https:\/\/optio.ruhr-uni-bochum.de\/wp-content\/uploads\/2022\/08\/d9f5bf858f579786-threema-20220801-092423508.jpg\" alt=\"Gehen Sie rechts durch die Glast\u00fcr und anschlie\u00dfend links.\" \/><figcaption class=\"elementor-image-carousel-caption\">Gehen Sie rechts durch die Glast\u00fcr und anschlie\u00dfend links.<\/figcaption><\/figure><\/div><div class=\"swiper-slide\" role=\"group\" aria-roledescription=\"slide\" aria-label=\"7 von 9\"><figure class=\"swiper-slide-inner\"><img decoding=\"async\" class=\"swiper-slide-image\" src=\"https:\/\/optio.ruhr-uni-bochum.de\/wp-content\/uploads\/2022\/08\/9ecdefdb22999435-threema-20220801-092423750.jpg\" alt=\"Gehen Sie durch die n\u00e4chste Glast\u00fcr.\" \/><figcaption class=\"elementor-image-carousel-caption\">Gehen Sie durch die n\u00e4chste Glast\u00fcr.<\/figcaption><\/figure><\/div><div class=\"swiper-slide\" role=\"group\" aria-roledescription=\"slide\" aria-label=\"8 von 9\"><figure class=\"swiper-slide-inner\"><img decoding=\"async\" class=\"swiper-slide-image\" src=\"https:\/\/optio.ruhr-uni-bochum.de\/wp-content\/uploads\/2022\/08\/d529d65e859854e0-threema-20220801-092423988.jpg\" alt=\"Halten Sie sich nun rechts, gehen durch den gro\u00dfen Zwischenraum und anschlie\u00dfend durch die Glast\u00fcr.\" \/><figcaption class=\"elementor-image-carousel-caption\">Halten Sie sich nun rechts, gehen durch den gro\u00dfen Zwischenraum und anschlie\u00dfend durch die Glast\u00fcr.<\/figcaption><\/figure><\/div><div class=\"swiper-slide\" role=\"group\" aria-roledescription=\"slide\" aria-label=\"9 von 9\"><figure class=\"swiper-slide-inner\"><img decoding=\"async\" class=\"swiper-slide-image\" src=\"https:\/\/optio.ruhr-uni-bochum.de\/wp-content\/uploads\/2022\/08\/e4068fae60893b74-threema-20220801-092424460.jpg\" alt=\"Willkommen im Optionalbereich!\" \/><figcaption class=\"elementor-image-carousel-caption\">Willkommen im Optionalbereich!<\/figcaption><\/figure><\/div>\t\t\t<\/div>\n\t\t\t\t\t\t\t\t\t\t\t\t<div class=\"elementor-swiper-button elementor-swiper-button-prev\" role=\"button\" tabindex=\"0\">\n\t\t\t\t\t\t<i aria-hidden=\"true\" class=\"eicon-chevron-left\"><\/i>\t\t\t\t\t<\/div>\n\t\t\t\t\t<div class=\"elementor-swiper-button elementor-swiper-button-next\" role=\"button\" tabindex=\"0\">\n\t\t\t\t\t\t<i aria-hidden=\"true\" class=\"eicon-chevron-right\"><\/i>\t\t\t\t\t<\/div>\n\t\t\t\t\n\t\t\t\t\t\t\t\t\t<div class=\"swiper-pagination\"><\/div>\n\t\t\t\t\t\t\t\t\t<\/div>\n\t\t\t\t\t\t<\/div>\n\t\t\t\t<\/div>\n\t\t\t\t<div class=\"elementor-element elementor-element-1c4f570 elementor-widget__width-initial ha-has-bg-overlay elementor-widget elementor-widget-heading\" data-id=\"1c4f570\" data-element_type=\"widget\" data-e-type=\"widget\" data-widget_type=\"heading.default\">\n\t\t\t\t<div class=\"elementor-widget-container\">\n\t\t\t\t\t<h2 class=\"elementor-heading-title elementor-size-default\">barrierefreie Anreise von GA<\/h2>\t\t\t\t<\/div>\n\t\t\t\t<\/div>\n\t\t\t\t<div class=\"elementor-element elementor-element-0df842d elementor-arrows-position-inside elementor-pagination-position-outside elementor-widget elementor-widget-image-carousel\" data-id=\"0df842d\" data-element_type=\"widget\" data-e-type=\"widget\" data-settings=\"{&quot;slides_to_show&quot;:&quot;1&quot;,&quot;autoplay&quot;:&quot;no&quot;,&quot;infinite&quot;:&quot;no&quot;,&quot;navigation&quot;:&quot;both&quot;,&quot;effect&quot;:&quot;slide&quot;,&quot;speed&quot;:500}\" data-widget_type=\"image-carousel.default\">\n\t\t\t\t<div class=\"elementor-widget-container\">\n\t\t\t\t\t\t\t<div class=\"elementor-image-carousel-wrapper swiper\" role=\"region\" aria-roledescription=\"carousel\" aria-label=\"Bild Karussell\" dir=\"ltr\">\n\t\t\t<div class=\"elementor-image-carousel swiper-wrapper swiper-image-stretch\" aria-live=\"polite\">\n\t\t\t\t\t\t\t\t<div class=\"swiper-slide\" role=\"group\" aria-roledescription=\"slide\" aria-label=\"1 von 10\"><figure class=\"swiper-slide-inner\"><img decoding=\"async\" class=\"swiper-slide-image\" src=\"https:\/\/optio.ruhr-uni-bochum.de\/wp-content\/uploads\/2023\/11\/IMG_20231107_123117-2-1.jpg\" alt=\"Betreten Sie zun\u00e4chst das Geb\u00e4ude GA \u00fcber den Haupteingang auf Ebene 02.\" \/><figcaption class=\"elementor-image-carousel-caption\">Betreten Sie zun\u00e4chst das Geb\u00e4ude GA \u00fcber den Haupteingang auf Ebene 02.<\/figcaption><\/figure><\/div><div class=\"swiper-slide\" role=\"group\" aria-roledescription=\"slide\" aria-label=\"2 von 10\"><figure class=\"swiper-slide-inner\"><img decoding=\"async\" class=\"swiper-slide-image\" src=\"https:\/\/optio.ruhr-uni-bochum.de\/wp-content\/uploads\/2023\/11\/IMG_20231107_123133.jpg\" alt=\"Halten Sie sich rechts und nehmen Sie den Eingang zu den Fahrst\u00fchlen\" \/><figcaption class=\"elementor-image-carousel-caption\">Halten Sie sich rechts und nehmen Sie den Eingang zu den Fahrst\u00fchlen<\/figcaption><\/figure><\/div><div class=\"swiper-slide\" role=\"group\" aria-roledescription=\"slide\" aria-label=\"3 von 10\"><figure class=\"swiper-slide-inner\"><img decoding=\"async\" class=\"swiper-slide-image\" src=\"https:\/\/optio.ruhr-uni-bochum.de\/wp-content\/uploads\/2023\/11\/IMG_20231107_123228.jpg\" alt=\"Nutzen Sie einen der Fahrst\u00fchle.\" \/><figcaption class=\"elementor-image-carousel-caption\">Nutzen Sie einen der Fahrst\u00fchle.<\/figcaption><\/figure><\/div><div class=\"swiper-slide\" role=\"group\" aria-roledescription=\"slide\" aria-label=\"4 von 10\"><figure class=\"swiper-slide-inner\"><img decoding=\"async\" class=\"swiper-slide-image\" src=\"https:\/\/optio.ruhr-uni-bochum.de\/wp-content\/uploads\/2023\/11\/IMG_20231107_123241.jpg\" alt=\"W\u00e4hlen Sie die Etage 04 aus.\" \/><figcaption class=\"elementor-image-carousel-caption\">W\u00e4hlen Sie die Etage 04 aus.<\/figcaption><\/figure><\/div><div class=\"swiper-slide\" role=\"group\" aria-roledescription=\"slide\" aria-label=\"5 von 10\"><figure class=\"swiper-slide-inner\"><img decoding=\"async\" class=\"swiper-slide-image\" src=\"https:\/\/optio.ruhr-uni-bochum.de\/wp-content\/uploads\/2023\/11\/IMG_20231107_123255.jpg\" alt=\"Verlassen Sie den Fahrstuhl in Richtung S\u00fcden und gehen Sie dann vor dem Eingang zum Treppenhaus links.\" \/><figcaption class=\"elementor-image-carousel-caption\">Verlassen Sie den Fahrstuhl in Richtung S\u00fcden und gehen Sie dann vor dem Eingang zum Treppenhaus links.<\/figcaption><\/figure><\/div><div class=\"swiper-slide\" role=\"group\" aria-roledescription=\"slide\" aria-label=\"6 von 10\"><figure class=\"swiper-slide-inner\"><img decoding=\"async\" class=\"swiper-slide-image\" src=\"https:\/\/optio.ruhr-uni-bochum.de\/wp-content\/uploads\/2023\/11\/IMG_20231107_123300.jpg\" alt=\"Verlassen Sie den Fahrstuhlbereich und halten sich anschlie\u00dfend rechts.\" \/><figcaption class=\"elementor-image-carousel-caption\">Verlassen Sie den Fahrstuhlbereich und halten sich anschlie\u00dfend rechts.<\/figcaption><\/figure><\/div><div class=\"swiper-slide\" role=\"group\" aria-roledescription=\"slide\" aria-label=\"7 von 10\"><figure class=\"swiper-slide-inner\"><img decoding=\"async\" class=\"swiper-slide-image\" src=\"https:\/\/optio.ruhr-uni-bochum.de\/wp-content\/uploads\/2023\/11\/IMG_20231107_123307.jpg\" alt=\"Gehen Sie geradeaus. Sobald Sie das Foyer betreten haben, halten Sie sich links.\" \/><figcaption class=\"elementor-image-carousel-caption\">Gehen Sie geradeaus. Sobald Sie das Foyer betreten haben, halten Sie sich links.<\/figcaption><\/figure><\/div><div class=\"swiper-slide\" role=\"group\" aria-roledescription=\"slide\" aria-label=\"8 von 10\"><figure class=\"swiper-slide-inner\"><img decoding=\"async\" class=\"swiper-slide-image\" src=\"https:\/\/optio.ruhr-uni-bochum.de\/wp-content\/uploads\/2023\/11\/IMG_20231107_123315.jpg\" alt=\"Gehen Sie durch die Glast\u00fcren in Richtung GAFO.\" \/><figcaption class=\"elementor-image-carousel-caption\">Gehen Sie durch die Glast\u00fcren in Richtung GAFO.<\/figcaption><\/figure><\/div><div class=\"swiper-slide\" role=\"group\" aria-roledescription=\"slide\" aria-label=\"9 von 10\"><figure class=\"swiper-slide-inner\"><img decoding=\"async\" class=\"swiper-slide-image\" src=\"https:\/\/optio.ruhr-uni-bochum.de\/wp-content\/uploads\/2023\/11\/IMG_20231107_123326.jpg\" alt=\"Gehen Sie den Flur entlang, bis Sie im n\u00e4chsten Foyer angekommen sind.\" \/><figcaption class=\"elementor-image-carousel-caption\">Gehen Sie den Flur entlang, bis Sie im n\u00e4chsten Foyer angekommen sind.<\/figcaption><\/figure><\/div><div class=\"swiper-slide\" role=\"group\" aria-roledescription=\"slide\" aria-label=\"10 von 10\"><figure class=\"swiper-slide-inner\"><img decoding=\"async\" class=\"swiper-slide-image\" src=\"https:\/\/optio.ruhr-uni-bochum.de\/wp-content\/uploads\/2023\/11\/IMG_20231107_123353.jpg\" alt=\"Im Foyer des Optionalbereichs angekommen halten Sie sich bitte rechts und gehen durch die Glast\u00fcr.\" \/><figcaption class=\"elementor-image-carousel-caption\">Im Foyer des Optionalbereichs angekommen halten Sie sich bitte rechts und gehen durch die Glast\u00fcr.<\/figcaption><\/figure><\/div>\t\t\t<\/div>\n\t\t\t\t\t\t\t\t\t\t\t\t<div class=\"elementor-swiper-button elementor-swiper-button-prev\" role=\"button\" tabindex=\"0\">\n\t\t\t\t\t\t<i aria-hidden=\"true\" class=\"eicon-chevron-left\"><\/i>\t\t\t\t\t<\/div>\n\t\t\t\t\t<div class=\"elementor-swiper-button elementor-swiper-button-next\" role=\"button\" tabindex=\"0\">\n\t\t\t\t\t\t<i aria-hidden=\"true\" class=\"eicon-chevron-right\"><\/i>\t\t\t\t\t<\/div>\n\t\t\t\t\n\t\t\t\t\t\t\t\t\t<div class=\"swiper-pagination\"><\/div>\n\t\t\t\t\t\t\t\t\t<\/div>\n\t\t\t\t\t\t<\/div>\n\t\t\t\t<\/div>\n\t\t\t\t\t<\/div>\n\t\t<\/div>\n\t\t\t\t\t<\/div>\n\t\t<\/section>\n\t\t\t\t<\/div>\n\t\t","protected":false},"excerpt":{"rendered":"<p>Anreise Anreise Campusplan Wegbeschreibung von HGA Betreten Sie zun\u00e4chst \u00fcber die Ebene 02 das Geb\u00e4ude HGA. Anschlie\u00dfend halten Sie sich rechts vorbei am H\u00f6rsaal. Gehen Sie die Treppe herunter. Nun sehen Sie links eine weitere Treppe. Gehen Sie die Treppe herunter. Gehen Sie rechts durch die Glast\u00fcr und anschlie\u00dfend links. [&hellip;]<\/p>\n","protected":false},"author":1,"featured_media":0,"parent":0,"menu_order":0,"comment_status":"closed","ping_status":"closed","template":"page-templates\/template-pagebuilder-full-width.php","meta":{"_themeisle_gutenberg_block_has_review":false,"footnotes":""},"class_list":["post-10622","page","type-page","status-publish","hentry"],"_links":{"self":[{"href":"https:\/\/optio.ruhr-uni-bochum.de\/index.php\/wp-json\/wp\/v2\/pages\/10622","targetHints":{"allow":["GET"]}}],"collection":[{"href":"https:\/\/optio.ruhr-uni-bochum.de\/index.php\/wp-json\/wp\/v2\/pages"}],"about":[{"href":"https:\/\/optio.ruhr-uni-bochum.de\/index.php\/wp-json\/wp\/v2\/types\/page"}],"author":[{"embeddable":true,"href":"https:\/\/optio.ruhr-uni-bochum.de\/index.php\/wp-json\/wp\/v2\/users\/1"}],"replies":[{"embeddable":true,"href":"https:\/\/optio.ruhr-uni-bochum.de\/index.php\/wp-json\/wp\/v2\/comments?post=10622"}],"version-history":[{"count":53,"href":"https:\/\/optio.ruhr-uni-bochum.de\/index.php\/wp-json\/wp\/v2\/pages\/10622\/revisions"}],"predecessor-version":[{"id":12512,"href":"https:\/\/optio.ruhr-uni-bochum.de\/index.php\/wp-json\/wp\/v2\/pages\/10622\/revisions\/12512"}],"wp:attachment":[{"href":"https:\/\/optio.ruhr-uni-bochum.de\/index.php\/wp-json\/wp\/v2\/media?parent=10622"}],"curies":[{"name":"wp","href":"https:\/\/api.w.org\/{rel}","templated":true}]}}