{"id":10789,"date":"2024-10-14T12:21:28","date_gmt":"2024-10-14T10:21:28","guid":{"rendered":"https:\/\/optio.ruhr-uni-bochum.de\/?page_id=10789"},"modified":"2025-04-17T11:53:00","modified_gmt":"2025-04-17T09:53:00","slug":"rhine-ruhr-2025-fisu-world-university-games","status":"publish","type":"page","link":"https:\/\/optio.ruhr-uni-bochum.de\/index.php\/rhine-ruhr-2025-fisu-world-university-games\/","title":{"rendered":"Rhine-Ruhr 2025 FISU World University Games"},"content":{"rendered":"\t\t<div data-elementor-type=\"wp-page\" data-elementor-id=\"10789\" class=\"elementor elementor-10789\" data-elementor-settings=\"{&quot;ha_cmc_init_switcher&quot;:&quot;no&quot;}\" data-elementor-post-type=\"page\">\n\t\t\t\t\t\t<section class=\"elementor-section elementor-top-section elementor-element elementor-element-e7c531b elementor-section-boxed elementor-section-height-default elementor-section-height-default\" data-id=\"e7c531b\" data-element_type=\"section\" data-e-type=\"section\" data-settings=\"{&quot;_ha_eqh_enable&quot;:false}\">\n\t\t\t\t\t\t<div class=\"elementor-container elementor-column-gap-default\">\n\t\t\t\t\t<div class=\"elementor-column elementor-col-100 elementor-top-column elementor-element elementor-element-f77afbb\" data-id=\"f77afbb\" data-element_type=\"column\" data-e-type=\"column\">\n\t\t\t<div class=\"elementor-widget-wrap elementor-element-populated\">\n\t\t\t\t\t\t<div class=\"elementor-element elementor-element-6fc31be elementor-widget__width-initial elementor-hidden-tablet elementor-hidden-mobile elementor-widget elementor-widget-gallery\" data-id=\"6fc31be\" data-element_type=\"widget\" data-e-type=\"widget\" data-settings=\"{&quot;columns&quot;:10,&quot;gap&quot;:{&quot;unit&quot;:&quot;px&quot;,&quot;size&quot;:0,&quot;sizes&quot;:[]},&quot;aspect_ratio&quot;:&quot;4:3&quot;,&quot;lazyload&quot;:&quot;yes&quot;,&quot;gallery_layout&quot;:&quot;grid&quot;,&quot;columns_tablet&quot;:2,&quot;columns_mobile&quot;:1,&quot;gap_tablet&quot;:{&quot;unit&quot;:&quot;px&quot;,&quot;size&quot;:10,&quot;sizes&quot;:[]},&quot;gap_mobile&quot;:{&quot;unit&quot;:&quot;px&quot;,&quot;size&quot;:10,&quot;sizes&quot;:[]},&quot;overlay_background&quot;:&quot;yes&quot;,&quot;content_hover_animation&quot;:&quot;fade-in&quot;}\" data-widget_type=\"gallery.default\">\n\t\t\t\t<div class=\"elementor-widget-container\">\n\t\t\t\t\t\t\t<div class=\"elementor-gallery__container\">\n\t\t\t\t\t\t\t<div class=\"e-gallery-item elementor-gallery-item elementor-animated-content\">\n\t\t\t\t\t<div class=\"e-gallery-image elementor-gallery-item__image\" data-thumbnail=\"https:\/\/optio.ruhr-uni-bochum.de\/wp-content\/uploads\/2024\/10\/Basketball-1-300x200.jpg\" data-width=\"300\" data-height=\"200\" aria-label=\"\" role=\"img\" ><\/div>\n\t\t\t\t\t\t\t\t\t\t\t<div class=\"elementor-gallery-item__overlay\"><\/div>\n\t\t\t\t\t\t\t\t\t\t\t\t\t\t<\/div>\n\t\t\t\t\t\t\t<div class=\"e-gallery-item elementor-gallery-item elementor-animated-content\">\n\t\t\t\t\t<div class=\"e-gallery-image elementor-gallery-item__image\" data-thumbnail=\"https:\/\/optio.ruhr-uni-bochum.de\/wp-content\/uploads\/2024\/10\/Tennis-1-300x200.jpg\" data-width=\"300\" data-height=\"200\" aria-label=\"\" role=\"img\" ><\/div>\n\t\t\t\t\t\t\t\t\t\t\t<div class=\"elementor-gallery-item__overlay\"><\/div>\n\t\t\t\t\t\t\t\t\t\t\t\t\t\t<\/div>\n\t\t\t\t\t\t\t<div class=\"e-gallery-item elementor-gallery-item elementor-animated-content\">\n\t\t\t\t\t<div class=\"e-gallery-image elementor-gallery-item__image\" data-thumbnail=\"https:\/\/optio.ruhr-uni-bochum.de\/wp-content\/uploads\/2024\/10\/Beach-Volleyball-300x199.jpg\" data-width=\"300\" data-height=\"199\" aria-label=\"\" role=\"img\" ><\/div>\n\t\t\t\t\t\t\t\t\t\t\t<div class=\"elementor-gallery-item__overlay\"><\/div>\n\t\t\t\t\t\t\t\t\t\t\t\t\t\t<\/div>\n\t\t\t\t\t\t\t<div class=\"e-gallery-item elementor-gallery-item elementor-animated-content\">\n\t\t\t\t\t<div class=\"e-gallery-image elementor-gallery-item__image\" data-thumbnail=\"https:\/\/optio.ruhr-uni-bochum.de\/wp-content\/uploads\/2024\/10\/Basketball-2-300x200.jpg\" data-width=\"300\" data-height=\"200\" aria-label=\"\" role=\"img\" ><\/div>\n\t\t\t\t\t\t\t\t\t\t\t<div class=\"elementor-gallery-item__overlay\"><\/div>\n\t\t\t\t\t\t\t\t\t\t\t\t\t\t<\/div>\n\t\t\t\t\t\t\t<div class=\"e-gallery-item elementor-gallery-item elementor-animated-content\">\n\t\t\t\t\t<div class=\"e-gallery-image elementor-gallery-item__image\" data-thumbnail=\"https:\/\/optio.ruhr-uni-bochum.de\/wp-content\/uploads\/2024\/10\/Geraeteturnen-300x200.jpg\" data-width=\"300\" data-height=\"200\" aria-label=\"\" role=\"img\" ><\/div>\n\t\t\t\t\t\t\t\t\t\t\t<div class=\"elementor-gallery-item__overlay\"><\/div>\n\t\t\t\t\t\t\t\t\t\t\t\t\t\t<\/div>\n\t\t\t\t\t\t\t<div class=\"e-gallery-item elementor-gallery-item elementor-animated-content\">\n\t\t\t\t\t<div class=\"e-gallery-image elementor-gallery-item__image\" data-thumbnail=\"https:\/\/optio.ruhr-uni-bochum.de\/wp-content\/uploads\/2024\/10\/Judo-300x169.jpg\" data-width=\"300\" data-height=\"169\" aria-label=\"\" role=\"img\" ><\/div>\n\t\t\t\t\t\t\t\t\t\t\t<div class=\"elementor-gallery-item__overlay\"><\/div>\n\t\t\t\t\t\t\t\t\t\t\t\t\t\t<\/div>\n\t\t\t\t\t\t\t<div class=\"e-gallery-item elementor-gallery-item elementor-animated-content\">\n\t\t\t\t\t<div class=\"e-gallery-image elementor-gallery-item__image\" data-thumbnail=\"https:\/\/optio.ruhr-uni-bochum.de\/wp-content\/uploads\/2024\/10\/Laufbahn-300x240.jpg\" data-width=\"300\" data-height=\"240\" aria-label=\"\" role=\"img\" ><\/div>\n\t\t\t\t\t\t\t\t\t\t\t<div class=\"elementor-gallery-item__overlay\"><\/div>\n\t\t\t\t\t\t\t\t\t\t\t\t\t\t<\/div>\n\t\t\t\t\t\t\t<div class=\"e-gallery-item elementor-gallery-item elementor-animated-content\">\n\t\t\t\t\t<div class=\"e-gallery-image elementor-gallery-item__image\" data-thumbnail=\"https:\/\/optio.ruhr-uni-bochum.de\/wp-content\/uploads\/2024\/10\/nathanael-desmeules-PIeY_2Y3LCM-unsplash-300x194.jpg\" data-width=\"300\" data-height=\"194\" aria-label=\"\" role=\"img\" ><\/div>\n\t\t\t\t\t\t\t\t\t\t\t<div class=\"elementor-gallery-item__overlay\"><\/div>\n\t\t\t\t\t\t\t\t\t\t\t\t\t\t<\/div>\n\t\t\t\t\t\t\t<div class=\"e-gallery-item elementor-gallery-item elementor-animated-content\">\n\t\t\t\t\t<div class=\"e-gallery-image elementor-gallery-item__image\" data-thumbnail=\"https:\/\/optio.ruhr-uni-bochum.de\/wp-content\/uploads\/2024\/10\/pexels-kelly-1179532-14352320-300x169.jpg\" data-width=\"300\" data-height=\"169\" aria-label=\"\" role=\"img\" ><\/div>\n\t\t\t\t\t\t\t\t\t\t\t<div class=\"elementor-gallery-item__overlay\"><\/div>\n\t\t\t\t\t\t\t\t\t\t\t\t\t\t<\/div>\n\t\t\t\t\t\t\t<div class=\"e-gallery-item elementor-gallery-item elementor-animated-content\">\n\t\t\t\t\t<div class=\"e-gallery-image elementor-gallery-item__image\" data-thumbnail=\"https:\/\/optio.ruhr-uni-bochum.de\/wp-content\/uploads\/2024\/10\/Schwimmen-300x225.jpg\" data-width=\"300\" data-height=\"225\" aria-label=\"\" role=\"img\" ><\/div>\n\t\t\t\t\t\t\t\t\t\t\t<div class=\"elementor-gallery-item__overlay\"><\/div>\n\t\t\t\t\t\t\t\t\t\t\t\t\t\t<\/div>\n\t\t\t\t\t<\/div>\n\t\t\t\t\t<\/div>\n\t\t\t\t<\/div>\n\t\t\t\t\t<\/div>\n\t\t<\/div>\n\t\t\t\t\t<\/div>\n\t\t<\/section>\n\t\t\t\t<section class=\"elementor-section elementor-top-section elementor-element elementor-element-f05168e elementor-section-full_width elementor-section-height-default elementor-section-height-default\" data-id=\"f05168e\" data-element_type=\"section\" data-e-type=\"section\" data-settings=\"{&quot;_ha_eqh_enable&quot;:false}\">\n\t\t\t\t\t\t<div class=\"elementor-container elementor-column-gap-default\">\n\t\t\t\t\t<div class=\"elementor-column elementor-col-50 elementor-top-column elementor-element elementor-element-1dfa281\" data-id=\"1dfa281\" data-element_type=\"column\" data-e-type=\"column\">\n\t\t\t<div class=\"elementor-widget-wrap elementor-element-populated\">\n\t\t\t\t\t\t<div class=\"elementor-element elementor-element-5a88d87 elementor-hidden-tablet elementor-hidden-mobile ha-has-bg-overlay elementor-invisible elementor-widget elementor-widget-text-editor\" data-id=\"5a88d87\" data-element_type=\"widget\" data-e-type=\"widget\" data-settings=\"{&quot;_animation&quot;:&quot;fadeInLeft&quot;}\" data-widget_type=\"text-editor.default\">\n\t\t\t\t<div class=\"elementor-widget-container\">\n\t\t\t\t\t\t\t\t\t<p><strong>Rhine-Ruhr 2025 FISU World University Games<\/strong><\/p><div>Teilnahme am Modul &#8222;World University Games \u2013 Sport, Wissenschaft und Kultur&#8220;<\/div>\t\t\t\t\t\t\t\t<\/div>\n\t\t\t\t<\/div>\n\t\t\t\t\t<\/div>\n\t\t<\/div>\n\t\t\t\t<div class=\"elementor-column elementor-col-50 elementor-top-column elementor-element elementor-element-4c40276\" data-id=\"4c40276\" data-element_type=\"column\" data-e-type=\"column\">\n\t\t\t<div class=\"elementor-widget-wrap\">\n\t\t\t\t\t\t\t<\/div>\n\t\t<\/div>\n\t\t\t\t\t<\/div>\n\t\t<\/section>\n\t\t\t\t<section class=\"elementor-section elementor-top-section elementor-element elementor-element-7a94696 elementor-section-boxed elementor-section-height-default elementor-section-height-default\" data-id=\"7a94696\" data-element_type=\"section\" data-e-type=\"section\" data-settings=\"{&quot;_ha_eqh_enable&quot;:false}\">\n\t\t\t\t\t\t<div class=\"elementor-container elementor-column-gap-default\">\n\t\t\t\t\t<div class=\"elementor-column elementor-col-100 elementor-top-column elementor-element elementor-element-10eb216\" data-id=\"10eb216\" data-element_type=\"column\" data-e-type=\"column\">\n\t\t\t<div class=\"elementor-widget-wrap elementor-element-populated\">\n\t\t\t\t\t\t<div class=\"elementor-element elementor-element-c735c4d elementor-hidden-desktop elementor-widget elementor-widget-heading\" data-id=\"c735c4d\" data-element_type=\"widget\" data-e-type=\"widget\" data-widget_type=\"heading.default\">\n\t\t\t\t<div class=\"elementor-widget-container\">\n\t\t\t\t\t<h2 class=\"elementor-heading-title elementor-size-default\">Rhine-Ruhr 2025 FISU World University Games<\/h2>\t\t\t\t<\/div>\n\t\t\t\t<\/div>\n\t\t\t\t\t<\/div>\n\t\t<\/div>\n\t\t\t\t\t<\/div>\n\t\t<\/section>\n\t\t\t\t<section class=\"elementor-section elementor-top-section elementor-element elementor-element-92d77e4 elementor-section-boxed elementor-section-height-default elementor-section-height-default\" data-id=\"92d77e4\" data-element_type=\"section\" data-e-type=\"section\" data-settings=\"{&quot;_ha_eqh_enable&quot;:false}\">\n\t\t\t\t\t\t<div class=\"elementor-container elementor-column-gap-default\">\n\t\t\t\t\t<div class=\"elementor-column elementor-col-100 elementor-top-column elementor-element elementor-element-e274c2d\" data-id=\"e274c2d\" data-element_type=\"column\" data-e-type=\"column\">\n\t\t\t<div class=\"elementor-widget-wrap elementor-element-populated\">\n\t\t\t\t\t\t<div class=\"elementor-element elementor-element-16d9503 elementor-widget__width-initial elementor-widget elementor-widget-text-editor\" data-id=\"16d9503\" data-element_type=\"widget\" data-e-type=\"widget\" data-widget_type=\"text-editor.default\">\n\t\t\t\t<div class=\"elementor-widget-container\">\n\t\t\t\t\t\t\t\t\t<p>Die Rhine-Ruhr 2025 FISU World University Games, nach den Olympischen und Paralympischen Spielen der weltweit gr\u00f6\u00dfte Multisport-Event, finden vom 16. bis zum 27. Juli 2025 nach mehr als 25 Jahren* wieder in Nordrhein-Westfalen statt (<a href=\"http:\/\/rhineruhr2025.com\/de\">http:\/\/rhineruhr2025.com\/de<\/a>).<\/p><p>An 12 Tagen werden sportliche Wettk\u00e4mpfe in 18 Sportarten und an 23 Veranstaltungsorten u. a. in Bochum, Duisburg, D\u00fcsseldorf, Essen und M\u00fclheim an der Ruhr ausgetragen. Sie k\u00f6nnen dieses Event als Volunteer \/ Delegation Attach\u00e9 unterst\u00fctzen. Dazu stehen Ihnen 26 unterschiedliche Einsatzbereiche zur Verf\u00fcgung und Sie d\u00fcrfen bei Ihrer Bewerbung drei favorisierte Einsatzbereiche angeben (http:\/\/rhineruhr2025.com\/de\/volunteer).<\/p><p>Ihr Engagement als Volunteer \/ Delegation Attach\u00e9 und Botschafter*in der Ruhr-Universit\u00e4t Bochum und unserer Region m\u00f6chten wir unterst\u00fctzen. Daher richtet sich dieses Angebot an<\/p><p style=\"padding-left: 40px;\">&#8211; Studierende, die sich bereits als Volunteer \/ Delegation Attach\u00e9 beworben haben und an<br \/>&#8211; Studierende, die sich als Volunteer \/Delegation Attach\u00e9 bewerben (Late Joiner Registrierung ab dem 01.11.2024!).<\/p><p>Studierende, die als Volunteers \/ Delegation Attach\u00e9s die Rhine-Ruhr 2025 FISU World University Games begleiten (mindestens vier Tage), erhalten nach Vorlage des Volunteer-Zertifikats 2 CP im Optionalbereich, die nur in Verbindung mit einer erfolgreich abgeschlossenen zweist\u00fcndigen Veranstaltung im SoSe 2025 als Modul (World University Games \u2013 Sport, Wissenschaft und Kultur) als Studienleistung mit 5 CP anerkannt werden. Die Entscheidung, welche Veranstaltung besucht wird, kann ab M\u00e4rz 2025 getroffen werden. Wir k\u00f6nnen Ihnen aber jetzt schon zusichern, dass es zahlreiche und attraktive Modulangebote geben wird.<\/p><p><b>\u00a0<\/b><\/p><p><b>Vorraussetzung f\u00fcr die Teilnahme:<\/b><\/p><p>Anmeldung als Volunteer (<a href=\"http:\/\/rhineruhr2025.com\/de\/volunteer\">http:\/\/rhineruhr2025.com\/de\/volunteer<\/a>) und T\u00e4tigkeit als Volunteer (mindestens vier Tage) oder Delegation Attach\u00e9 (weitere Infos dazu <a href=\"https:\/\/optio.ruhr-uni-bochum.de\/index.php\/erleben-sie-die-rhine-ruhr-2025-fisu-world-university-games-hautnah-als-delegation-attache\/\">hier<\/a>).<\/p><p>Registrierung f\u00fcr das <u>Modul<\/u> (nicht als Volunteer oder Delegation Attach\u00e9) \u00fcber unser Kontaktformular weiter unten.<\/p><p>Erfolgreicher Abschluss eines weiteren Modulteils im SoSe 2025 (w\u00e4hlbar ab M\u00e4rz 2025), in dem weitere 3 CP erworben werden.<\/p><p>Um das Zertifikat \u00fcber die Volunteer- bzw. Delegation Attach\u00e9-T\u00e4tigkeit im Rahmen des Moduls &#8222;World University Games &#8211; Sport, Wissenschaft und Kultur&#8220; im Optionalbereich kreditiert zu bekommen, ist es erforderlich, dass Sie als RUB-Studierende*r erkennbar sind. Wenn Sie also die Registrierung bereits abgeschlossen haben und im Volunteer-Portal keine \u00c4nderungen mehr vornehmen k\u00f6nnen, schreiben Sie eine E-Mail an <a href=\"mailto:volunteer@rhineruhr2025.com\">volunteer@rhineruhr2025.com<\/a> mit dem Hinweis, dass Sie an der RUB studieren. Dort wird dann Ihre Registrierung entsprechend angepasst.<\/p><p><b>Wichtiger Hinweis: <\/b><\/p><p><strong>Die Late Joiner Registrierung <span style=\"text-decoration: underline;\">schlie\u00dft Ende April<\/span>.<\/strong><\/p><p>Sofern Sie die Anmeldung vornehmen bzw. die Registrierung noch nicht vollst\u00e4ndig abgeschlossen ist, m\u00fcssen Sie sich, um den Code \u201eRUB\u201c zu der Registrierung bei den Rhine-Ruhr 2025 FISU World University Games hinzuzuf\u00fcgen, bitte in das Volunteer Portal einloggen:<br \/><a href=\"https:\/\/volunteers.gms-rhineruhr2025.com\/#\/login\">https:\/\/volunteers.gms-rhineruhr2025.com\/#\/login<\/a><br \/>1. Dort auf \u201eGehe zur Bewerbung\u201c klicken<br \/>2. Dann auf \u201eBewerbung bearbeiten\u201c klicken<br \/>3. Unter der Seite 4. \u201eVolunteer Position\u201c bei der Frage \u201eWenn du einen Code erhalten hast, f\u00fcge ihn bitte hier ein\u201c den Code \u201eRUB\u201c eingeben<br \/>4. Dann alle weiteren offenen Felder ausf\u00fcllen<br \/>5. Zum Abschluss auf \u201eSpeichern und Senden\u201c klicken.<\/p><div><\/div><div><\/div><p><b>\u00a0<\/b><\/p><p><b>Kommiliton*innen, deren Studieng\u00e4nge nicht zum Optionalbereich geh\u00f6ren<\/b>, wenden sich bitte an die jeweilige Fakult\u00e4t und werden dort erfahren, ob und wie die T\u00e4tigkeit als Volunteer als Studienleistung ber\u00fccksichtigt werden kann.<\/p>\t\t\t\t\t\t\t\t<\/div>\n\t\t\t\t<\/div>\n\t\t\t\t\t<\/div>\n\t\t<\/div>\n\t\t\t\t\t<\/div>\n\t\t<\/section>\n\t\t\t\t<section class=\"elementor-section elementor-top-section elementor-element elementor-element-4c54d86 elementor-section-boxed elementor-section-height-default elementor-section-height-default\" data-id=\"4c54d86\" data-element_type=\"section\" data-e-type=\"section\" data-settings=\"{&quot;_ha_eqh_enable&quot;:false}\">\n\t\t\t\t\t\t<div class=\"elementor-container elementor-column-gap-default\">\n\t\t\t\t\t<div class=\"elementor-column elementor-col-100 elementor-top-column elementor-element elementor-element-689a75f\" data-id=\"689a75f\" data-element_type=\"column\" data-e-type=\"column\">\n\t\t\t<div class=\"elementor-widget-wrap elementor-element-populated\">\n\t\t\t\t\t\t<div class=\"elementor-element elementor-element-b4ed2fd elementor-widget elementor-widget-heading\" data-id=\"b4ed2fd\" data-element_type=\"widget\" data-e-type=\"widget\" data-widget_type=\"heading.default\">\n\t\t\t\t<div class=\"elementor-widget-container\">\n\t\t\t\t\t<h4 class=\"elementor-heading-title elementor-size-default\">Registrierung zum Modul \"World University Games \u2013 Sport, Wissenschaft und Kultur\"<\/h4>\t\t\t\t<\/div>\n\t\t\t\t<\/div>\n\t\t\t\t<div class=\"elementor-element elementor-element-6173029 elementor-widget elementor-widget-ha-wpform happy-addon ha-wpform\" data-id=\"6173029\" data-element_type=\"widget\" data-e-type=\"widget\" data-widget_type=\"ha-wpform.default\">\n\t\t\t\t<div class=\"elementor-widget-container\">\n\t\t\t\t\t<div class=\"wpforms-container wpforms-container-full\" id=\"wpforms-9962\"><form id=\"wpforms-form-9962\" class=\"wpforms-validate wpforms-form wpforms-ajax-form\" data-formid=\"9962\" method=\"post\" enctype=\"multipart\/form-data\" action=\"\/index.php\/wp-json\/wp\/v2\/pages\/10789\" data-token=\"8e2537795ee64226a4c58d66c3d8e84b\" data-token-time=\"1776829480\"><noscript class=\"wpforms-error-noscript\">Bitte aktiviere JavaScript in deinem Browser, um dieses Formular fertigzustellen.<\/noscript><div class=\"wpforms-field-container\"><div id=\"wpforms-9962-field_22-container\" class=\"wpforms-field wpforms-field-text\" data-field-id=\"22\"><label class=\"wpforms-field-label\" for=\"wpforms-9962-field_22\">gew\u00fcnschte Anrede <span class=\"wpforms-required-label\">*<\/span><\/label><input type=\"text\" id=\"wpforms-9962-field_22\" class=\"wpforms-field-small wpforms-field-required\" name=\"wpforms[fields][22]\" required><\/div><div id=\"wpforms-9962-field_2-container\" class=\"wpforms-field wpforms-field-name\" data-field-id=\"2\"><label class=\"wpforms-field-label\">Name <span class=\"wpforms-required-label\">*<\/span><\/label><div class=\"wpforms-field-row wpforms-field-medium\"><div class=\"wpforms-field-row-block wpforms-first wpforms-one-half\"><input type=\"text\" id=\"wpforms-9962-field_2\" class=\"wpforms-field-name-first wpforms-field-required\" name=\"wpforms[fields][2][first]\" required><label for=\"wpforms-9962-field_2\" class=\"wpforms-field-sublabel after\">Vorname<\/label><\/div><div class=\"wpforms-field-row-block wpforms-one-half\"><input type=\"text\" id=\"wpforms-9962-field_2-last\" class=\"wpforms-field-name-last wpforms-field-required\" name=\"wpforms[fields][2][last]\" required><label for=\"wpforms-9962-field_2-last\" class=\"wpforms-field-sublabel after\">Nachname<\/label><\/div><\/div><\/div><div id=\"wpforms-9962-field_30-container\" class=\"wpforms-field wpforms-field-email\" data-field-id=\"30\"><label class=\"wpforms-field-label\" for=\"wpforms-9962-field_30\">RUB-E-Mail-Adresse <span class=\"wpforms-required-label\">*<\/span><\/label><input type=\"email\" id=\"wpforms-9962-field_30\" class=\"wpforms-field-medium wpforms-field-required\" data-rule-restricted-email=\"1\" name=\"wpforms[fields][30]\" spellcheck=\"false\" required><div class=\"wpforms-field-description\">Bitte nutzen Sie Ihre RUB-Mail-Adresse<\/div><\/div><div id=\"wpforms-9962-field_31-container\" class=\"wpforms-field wpforms-field-text\" data-field-id=\"31\"><label class=\"wpforms-field-label\" for=\"wpforms-9962-field_31\">Fach \/ F\u00e4cher <span class=\"wpforms-required-label\">*<\/span><\/label><input type=\"text\" id=\"wpforms-9962-field_31\" class=\"wpforms-field-medium wpforms-field-required\" name=\"wpforms[fields][31]\" required><div class=\"wpforms-field-description\">Bitte geben Sie das Fach \/ die F\u00e4cherkombination an, in der Sie studieren.<\/div><\/div><div id=\"wpforms-9962-field_32-container\" class=\"wpforms-field wpforms-field-radio\" data-field-id=\"32\"><label class=\"wpforms-field-label\">angestrebter Abschluss <span class=\"wpforms-required-label\">*<\/span><\/label><ul id=\"wpforms-9962-field_32\" class=\"wpforms-field-required\"><li class=\"choice-1 depth-1\"><input type=\"radio\" id=\"wpforms-9962-field_32_1\" name=\"wpforms[fields][32]\" value=\"B.A.\" required ><label class=\"wpforms-field-label-inline\" for=\"wpforms-9962-field_32_1\">B.A.<\/label><\/li><li class=\"choice-2 depth-1\"><input type=\"radio\" id=\"wpforms-9962-field_32_2\" name=\"wpforms[fields][32]\" value=\"B.Sc.\" required ><label class=\"wpforms-field-label-inline\" for=\"wpforms-9962-field_32_2\">B.Sc.<\/label><\/li><\/ul><div class=\"wpforms-field-description\">Bitte geben Sie Ihren angestrebten Abschluss an der RUB an, den Sie mit Abschluss Ihres aktuellen Studiums erreichen w\u00fcrden.<\/div><\/div><div id=\"wpforms-9962-field_33-container\" class=\"wpforms-field wpforms-field-radio\" data-field-id=\"33\"><label class=\"wpforms-field-label\">Zutreffendes bitte ausw\u00e4hlen <span class=\"wpforms-required-label\">*<\/span><\/label><ul id=\"wpforms-9962-field_33\" class=\"wpforms-field-required\"><li class=\"choice-1 depth-1\"><input type=\"radio\" id=\"wpforms-9962-field_33_1\" name=\"wpforms[fields][33]\" value=\"Ich bin bereits Volunteer und m\u00f6chte gern das Modul \u201eWorld University Games \u2013 Sport, Wissenschaft und Kultur\u201c im SoSe 2025 besuchen.\" required ><label class=\"wpforms-field-label-inline\" for=\"wpforms-9962-field_33_1\">Ich bin bereits Volunteer und m\u00f6chte gern das Modul \u201eWorld University Games \u2013 Sport, Wissenschaft und Kultur\u201c im SoSe 2025 besuchen.<\/label><\/li><li class=\"choice-2 depth-1\"><input type=\"radio\" id=\"wpforms-9962-field_33_2\" name=\"wpforms[fields][33]\" value=\"Ich melde mich als Volunteer an und m\u00f6chte gern das Modul \u201eWorld University Games \u2013 Sport, Wissenschaft und Kultur\u201c im SoSe 2025 besuchen.\" required ><label class=\"wpforms-field-label-inline\" for=\"wpforms-9962-field_33_2\">Ich melde mich als Volunteer an und m\u00f6chte gern das Modul \u201eWorld University Games \u2013 Sport, Wissenschaft und Kultur\u201c im SoSe 2025 besuchen.<\/label><\/li><\/ul><\/div><div id=\"wpforms-9962-field_7-container\" class=\"wpforms-field wpforms-field-textarea\" data-field-id=\"7\"><label class=\"wpforms-field-label\" for=\"wpforms-9962-field_7\">Ihre Nachricht an uns <span class=\"wpforms-required-label\">*<\/span><\/label><textarea id=\"wpforms-9962-field_7\" class=\"wpforms-field-medium wpforms-field-required\" name=\"wpforms[fields][7]\" required><\/textarea><div class=\"wpforms-field-description\"> <\/div><\/div><div id=\"wpforms-9962-field_20-container\" class=\"wpforms-field wpforms-field-html\" data-field-id=\"20\"><div id=\"wpforms-9962-field_20\"><input type=\"checkbox\" name=\"Datenschutz\" required\/> Ja, ich stimme den <a href=\"https:\/\/www.ruhr-uni-bochum.de\/de\/datenschutz\">Datenschutzbestimmungen der Ruhr-Universit\u00e4t<\/a> zu, und erteile  die Erlaubnis, meine hier angegebenen Daten zum Zweck einer Antwort zu verarbeiten. <font color=\"red\">&#42;<\/font><\/div><\/div><\/div><!-- .wpforms-field-container --><div class=\"wpforms-recaptcha-container wpforms-is-recaptcha wpforms-is-recaptcha-type-invisible\" ><div class=\"g-recaptcha\" data-sitekey=\"6LdHFSwmAAAAAGQu_NEEYwroU_YaL8yAvfbsYGTU\" data-size=\"invisible\"><\/div><\/div><div class=\"wpforms-submit-container\" ><input type=\"hidden\" name=\"wpforms[id]\" value=\"9962\"><input type=\"hidden\" name=\"page_title\" value=\"\"><input type=\"hidden\" name=\"page_url\" value=\"https:\/\/optio.ruhr-uni-bochum.de\/index.php\/wp-json\/wp\/v2\/pages\/10789\"><input type=\"hidden\" name=\"url_referer\" value=\"\"><button type=\"submit\" name=\"wpforms[submit]\" id=\"wpforms-submit-9962\" class=\"wpforms-submit\" data-alt-text=\"Senden...\" data-submit-text=\"Absenden\" aria-live=\"assertive\" value=\"wpforms-submit\">Absenden<\/button><img decoding=\"async\" src=\"https:\/\/optio.ruhr-uni-bochum.de\/wp-content\/plugins\/wpforms\/assets\/images\/submit-spin.svg\" class=\"wpforms-submit-spinner\" style=\"display: none;\" width=\"26\" height=\"26\" alt=\"Wird geladen\"><\/div><\/form><\/div>  <!-- .wpforms-container -->\t\t\t\t<\/div>\n\t\t\t\t<\/div>\n\t\t\t\t\t<\/div>\n\t\t<\/div>\n\t\t\t\t\t<\/div>\n\t\t<\/section>\n\t\t\t\t<section class=\"elementor-section elementor-top-section elementor-element elementor-element-486a313 elementor-section-boxed elementor-section-height-default elementor-section-height-default\" data-id=\"486a313\" data-element_type=\"section\" data-e-type=\"section\" data-settings=\"{&quot;_ha_eqh_enable&quot;:false}\">\n\t\t\t\t\t\t<div class=\"elementor-container elementor-column-gap-default\">\n\t\t\t\t\t<div class=\"elementor-column elementor-col-100 elementor-top-column elementor-element elementor-element-3b80f95\" data-id=\"3b80f95\" data-element_type=\"column\" data-e-type=\"column\">\n\t\t\t<div class=\"elementor-widget-wrap elementor-element-populated\">\n\t\t\t\t\t\t<div class=\"elementor-element elementor-element-14ec99b elementor-widget elementor-widget-spacer\" data-id=\"14ec99b\" data-element_type=\"widget\" data-e-type=\"widget\" data-widget_type=\"spacer.default\">\n\t\t\t\t<div class=\"elementor-widget-container\">\n\t\t\t\t\t\t\t<div class=\"elementor-spacer\">\n\t\t\t<div class=\"elementor-spacer-inner\"><\/div>\n\t\t<\/div>\n\t\t\t\t\t\t<\/div>\n\t\t\t\t<\/div>\n\t\t\t\t\t<\/div>\n\t\t<\/div>\n\t\t\t\t\t<\/div>\n\t\t<\/section>\n\t\t\t\t<\/div>\n\t\t","protected":false},"excerpt":{"rendered":"<p>Rhine-Ruhr 2025 FISU World University Games Teilnahme am Modul &#8222;World University Games \u2013 Sport, Wissenschaft und Kultur&#8220; Rhine-Ruhr 2025 FISU World University Games Die Rhine-Ruhr 2025 FISU World University Games, nach den Olympischen und Paralympischen Spielen der weltweit gr\u00f6\u00dfte Multisport-Event, finden vom 16. bis zum 27. Juli 2025 nach mehr [&hellip;]<\/p>\n","protected":false},"author":1,"featured_media":0,"parent":0,"menu_order":0,"comment_status":"closed","ping_status":"closed","template":"","meta":{"_themeisle_gutenberg_block_has_review":false,"footnotes":""},"class_list":["post-10789","page","type-page","status-publish","hentry"],"_links":{"self":[{"href":"https:\/\/optio.ruhr-uni-bochum.de\/index.php\/wp-json\/wp\/v2\/pages\/10789","targetHints":{"allow":["GET"]}}],"collection":[{"href":"https:\/\/optio.ruhr-uni-bochum.de\/index.php\/wp-json\/wp\/v2\/pages"}],"about":[{"href":"https:\/\/optio.ruhr-uni-bochum.de\/index.php\/wp-json\/wp\/v2\/types\/page"}],"author":[{"embeddable":true,"href":"https:\/\/optio.ruhr-uni-bochum.de\/index.php\/wp-json\/wp\/v2\/users\/1"}],"replies":[{"embeddable":true,"href":"https:\/\/optio.ruhr-uni-bochum.de\/index.php\/wp-json\/wp\/v2\/comments?post=10789"}],"version-history":[{"count":57,"href":"https:\/\/optio.ruhr-uni-bochum.de\/index.php\/wp-json\/wp\/v2\/pages\/10789\/revisions"}],"predecessor-version":[{"id":11630,"href":"https:\/\/optio.ruhr-uni-bochum.de\/index.php\/wp-json\/wp\/v2\/pages\/10789\/revisions\/11630"}],"wp:attachment":[{"href":"https:\/\/optio.ruhr-uni-bochum.de\/index.php\/wp-json\/wp\/v2\/media?parent=10789"}],"curies":[{"name":"wp","href":"https:\/\/api.w.org\/{rel}","templated":true}]}}