{"id":262,"date":"2021-11-24T13:38:08","date_gmt":"2021-11-24T12:38:08","guid":{"rendered":"https:\/\/optio.ruhr-uni-bochum.de\/?page_id=262"},"modified":"2022-08-22T11:47:42","modified_gmt":"2022-08-22T09:47:42","slug":"studieninteressierte","status":"publish","type":"page","link":"https:\/\/optio.ruhr-uni-bochum.de\/index.php\/studieninteressierte\/","title":{"rendered":"Studieninteressierte"},"content":{"rendered":"\t\t<div data-elementor-type=\"wp-page\" data-elementor-id=\"262\" class=\"elementor elementor-262\" data-elementor-settings=\"{&quot;ha_cmc_init_switcher&quot;:&quot;no&quot;}\" data-elementor-post-type=\"page\">\n\t\t\t\t\t\t<section class=\"elementor-section elementor-top-section elementor-element elementor-element-481acf3c elementor-section-boxed elementor-section-height-default elementor-section-height-default\" data-id=\"481acf3c\" data-element_type=\"section\" data-e-type=\"section\" data-settings=\"{&quot;_ha_eqh_enable&quot;:false}\">\n\t\t\t\t\t\t<div class=\"elementor-container elementor-column-gap-default\">\n\t\t\t\t\t<div class=\"elementor-column elementor-col-100 elementor-top-column elementor-element elementor-element-f7732f8\" data-id=\"f7732f8\" data-element_type=\"column\" data-e-type=\"column\">\n\t\t\t<div class=\"elementor-widget-wrap elementor-element-populated\">\n\t\t\t\t\t\t<div class=\"elementor-element elementor-element-7c6c533 elementor-widget elementor-widget-text-editor\" data-id=\"7c6c533\" data-element_type=\"widget\" data-e-type=\"widget\" data-widget_type=\"text-editor.default\">\n\t\t\t\t<div class=\"elementor-widget-container\">\n\t\t\t\t\t\t\t\t\t\t\t\t\t\t\t\t\t<\/div>\n\t\t\t\t<\/div>\n\t\t\t\t\t<\/div>\n\t\t<\/div>\n\t\t\t\t\t<\/div>\n\t\t<\/section>\n\t\t\t\t<section class=\"elementor-section elementor-top-section elementor-element elementor-element-92e94d7 elementor-section-boxed elementor-section-height-default elementor-section-height-default\" data-id=\"92e94d7\" data-element_type=\"section\" data-e-type=\"section\" data-settings=\"{&quot;_ha_eqh_enable&quot;:false}\">\n\t\t\t\t\t\t<div class=\"elementor-container elementor-column-gap-default\">\n\t\t\t\t\t<div class=\"elementor-column elementor-col-100 elementor-top-column elementor-element elementor-element-32f5262\" data-id=\"32f5262\" data-element_type=\"column\" data-e-type=\"column\">\n\t\t\t<div class=\"elementor-widget-wrap elementor-element-populated\">\n\t\t\t\t\t\t<div class=\"elementor-element elementor-element-5bd2020 elementor-widget elementor-widget-spacer\" data-id=\"5bd2020\" data-element_type=\"widget\" data-e-type=\"widget\" data-widget_type=\"spacer.default\">\n\t\t\t\t<div class=\"elementor-widget-container\">\n\t\t\t\t\t\t\t<div class=\"elementor-spacer\">\n\t\t\t<div class=\"elementor-spacer-inner\"><\/div>\n\t\t<\/div>\n\t\t\t\t\t\t<\/div>\n\t\t\t\t<\/div>\n\t\t\t\t<div class=\"elementor-element elementor-element-21bd8a5 ha-has-bg-overlay elementor-widget elementor-widget-heading\" data-id=\"21bd8a5\" data-element_type=\"widget\" data-e-type=\"widget\" data-widget_type=\"heading.default\">\n\t\t\t\t<div class=\"elementor-widget-container\">\n\t\t\t\t\t<h2 class=\"elementor-heading-title elementor-size-default\">F\u00fcr Studieninteressierte<\/h2>\t\t\t\t<\/div>\n\t\t\t\t<\/div>\n\t\t\t\t<section class=\"elementor-section elementor-inner-section elementor-element elementor-element-c477ad2 elementor-section-boxed elementor-section-height-default elementor-section-height-default\" data-id=\"c477ad2\" data-element_type=\"section\" data-e-type=\"section\" data-settings=\"{&quot;_ha_eqh_enable&quot;:false}\">\n\t\t\t\t\t\t<div class=\"elementor-container elementor-column-gap-default\">\n\t\t\t\t\t<div class=\"elementor-column elementor-col-50 elementor-inner-column elementor-element elementor-element-a73b25c\" data-id=\"a73b25c\" data-element_type=\"column\" data-e-type=\"column\">\n\t\t\t<div class=\"elementor-widget-wrap elementor-element-populated\">\n\t\t\t\t\t\t<div class=\"elementor-element elementor-element-dee250c elementor-hidden-mobile elementor-icon-list--layout-traditional elementor-list-item-link-full_width elementor-widget elementor-widget-icon-list\" data-id=\"dee250c\" data-element_type=\"widget\" data-e-type=\"widget\" data-widget_type=\"icon-list.default\">\n\t\t\t\t<div class=\"elementor-widget-container\">\n\t\t\t\t\t\t\t<ul class=\"elementor-icon-list-items\">\n\t\t\t\t\t\t\t<li class=\"elementor-icon-list-item\">\n\t\t\t\t\t\t\t\t\t\t\t<a href=\"https:\/\/optio.ruhr-uni-bochum.de\/wp-content\/uploads\/2021\/11\/Profilhandbuch_Neu_18-03-2025.pdf\">\n\n\t\t\t\t\t\t\t\t\t\t\t\t<span class=\"elementor-icon-list-icon\">\n\t\t\t\t\t\t\t<i aria-hidden=\"true\" class=\"fas fa-file-pdf\"><\/i>\t\t\t\t\t\t<\/span>\n\t\t\t\t\t\t\t\t\t\t<span class=\"elementor-icon-list-text\">Profilhandbuch Optionalbereich<\/span>\n\t\t\t\t\t\t\t\t\t\t\t<\/a>\n\t\t\t\t\t\t\t\t\t<\/li>\n\t\t\t\t\t\t<\/ul>\n\t\t\t\t\t\t<\/div>\n\t\t\t\t<\/div>\n\t\t\t\t\t<\/div>\n\t\t<\/div>\n\t\t\t\t<div class=\"elementor-column elementor-col-50 elementor-inner-column elementor-element elementor-element-ef5b2f4\" data-id=\"ef5b2f4\" data-element_type=\"column\" data-e-type=\"column\">\n\t\t\t<div class=\"elementor-widget-wrap elementor-element-populated\">\n\t\t\t\t\t\t<div class=\"elementor-element elementor-element-b651a76 elementor-widget elementor-widget-text-editor\" data-id=\"b651a76\" data-element_type=\"widget\" data-e-type=\"widget\" data-widget_type=\"text-editor.default\">\n\t\t\t\t<div class=\"elementor-widget-container\">\n\t\t\t\t\t\t\t\t\t<p>Sie interessieren sich f\u00fcr einen Bachelor-Studiengang der Ruhr-Universit\u00e4t Bochum, der den Optionalbereich als Studienbestandtteil enth\u00e4lt?<\/p>\n<p>Der Optionalbereich ist eine gemeinsame Einrichtung von 14 Fakult\u00e4ten der Ruhr-Universit\u00e4t Bochum und integraler Bestand Teil des 2-Fach-Bachelorstudiums, in dem 30 der 180 erforderlichen Credit Points studiert werden. Aber auch in den 1-Fach- Studieng\u00e4ngen 1-Fach Sport, Sozialwissenschaft, Biologie und Arch\u00e4ologie geh\u00f6rt der Optionalbereich in unterschiedlichem Umfang zum Studium dazu.<\/p>\n<p>Jedes Semester wird das Modulangebot des Optionalbereichs bereitgestellt. Dann stehen Ihnen diese Module in der sogenannten Modulsuche, unserer eigenen Moduldatenbank mit Volltextsuche, zur Verf\u00fcgung. Jedes Semester werden zwischen 250 und 300 Modulen diesem Verfahren unterzogen, damit Ihnen ein umfangreiches und qualitativ hochwertiges Modulangebot im Optionalbereich zur Verf\u00fcgung steht.<\/p>\n<p>Es gibt derzeit acht Profile im Optionalbereich:<\/p>\n<ul>\n<li><a href=\"https:\/\/optio.ruhr-uni-bochum.de\/?page_id=472\" target=\"_blank\" rel=\"noopener\">Profil Forschung<\/a><\/li>\n<li><a href=\"https:\/\/optio.ruhr-uni-bochum.de\/?page_id=482\" target=\"_blank\" rel=\"noopener\">Profil Freie Studien<\/a><\/li>\n<li><a href=\"https:\/\/optio.ruhr-uni-bochum.de\/?page_id=474\" target=\"_blank\" rel=\"noopener\">Profil International<\/a><\/li>\n<li><a href=\"https:\/\/optio.ruhr-uni-bochum.de\/?page_id=525\" target=\"_blank\" rel=\"noopener\">Profil Lehramt<\/a><\/li>\n<li><a href=\"https:\/\/optio.ruhr-uni-bochum.de\/?page_id=468\" target=\"_blank\" rel=\"noopener\">Profil Praxis<\/a><\/li>\n<li><a href=\"https:\/\/optio.ruhr-uni-bochum.de\/?page_id=476\" target=\"_blank\" rel=\"noopener\">Profil Sprachen<\/a><\/li>\n<li><a href=\"https:\/\/optio.ruhr-uni-bochum.de\/?page_id=478\" target=\"_blank\" rel=\"noopener\">Profil Wissensvermittlung<\/a><\/li>\n<li><a href=\"https:\/\/optio.ruhr-uni-bochum.de\/?page_id=480\" target=\"_blank\" rel=\"noopener\">Profil Zukunft<\/a><\/li>\n<\/ul>\n<p>Diese Profile werden im <a href=\"https:\/\/optio.ruhr-uni-bochum.de\/?page_id=61\">Informationsvideo: Der Optionalbereich<\/a>, das Sie auf unserer Homepage finden, detailliert erl\u00e4utert.<\/p>\n<p>Sollten Sie noch weitere Fragen haben, senden Sie uns eine Anfrage durch das folgende Kontaktformular oder vereinbaren Sie eine Beratung mit uns.<\/p>\t\t\t\t\t\t\t\t<\/div>\n\t\t\t\t<\/div>\n\t\t\t\t\t<\/div>\n\t\t<\/div>\n\t\t\t\t\t<\/div>\n\t\t<\/section>\n\t\t\t\t<div class=\"elementor-element elementor-element-eca4356 elementor-widget elementor-widget-eael-adv-accordion\" data-id=\"eca4356\" data-element_type=\"widget\" data-e-type=\"widget\" data-widget_type=\"eael-adv-accordion.default\">\n\t\t\t\t<div class=\"elementor-widget-container\">\n\t\t\t\t\t            <div class=\"eael-adv-accordion\" id=\"eael-adv-accordion-eca4356\" data-scroll-on-click=\"no\" data-scroll-speed=\"300\" data-accordion-id=\"eca4356\" data-accordion-type=\"toggle\" data-toogle-speed=\"300\">\n            <div class=\"eael-accordion-list\">\n\t\t\t\t\t<div id=\"kontaktformular\" class=\"elementor-tab-title eael-accordion-header\" tabindex=\"0\" data-tab=\"1\" aria-controls=\"elementor-tab-content-2481\"><i aria-hidden=\"true\" class=\"fa-toggle fas fa-angle-down\"><\/i><span class=\"eael-accordion-tab-title\">Kontaktformular<\/span><span class=\"eael-advanced-accordion-icon-closed\"><i aria-hidden=\"true\" class=\"fa-accordion-icon fas fa-plus\"><\/i><\/span><span class=\"eael-advanced-accordion-icon-opened\"><i aria-hidden=\"true\" class=\"fa-accordion-icon fas fa-minus\"><\/i><\/span><\/div><div id=\"elementor-tab-content-2481\" class=\"eael-accordion-content clearfix\" data-tab=\"1\" aria-labelledby=\"kontaktformular\"><div class=\"wpforms-container wpforms-container-full wpforms-block\" id=\"wpforms-248\"><form id=\"wpforms-form-248\" class=\"wpforms-validate wpforms-form wpforms-ajax-form\" data-formid=\"248\" method=\"post\" enctype=\"multipart\/form-data\" action=\"\/index.php\/wp-json\/wp\/v2\/pages\/262\" data-token=\"aa429ae871cc4dec79a4844bcbfd6a79\" data-token-time=\"1777039324\"><noscript class=\"wpforms-error-noscript\">Bitte aktiviere JavaScript in deinem Browser, um dieses Formular fertigzustellen.<\/noscript><div class=\"wpforms-field-container\"><div id=\"wpforms-248-field_10-container\" class=\"wpforms-field wpforms-field-text\" data-field-id=\"10\"><label class=\"wpforms-field-label\" for=\"wpforms-248-field_10\">gew\u00fcnschte Anrede<\/label><input type=\"text\" id=\"wpforms-248-field_10\" class=\"wpforms-field-small\" name=\"wpforms[fields][10]\" ><\/div><div id=\"wpforms-248-field_2-container\" class=\"wpforms-field wpforms-field-name\" data-field-id=\"2\"><label class=\"wpforms-field-label\">Name <span class=\"wpforms-required-label\">*<\/span><\/label><div class=\"wpforms-field-row wpforms-field-medium\"><div class=\"wpforms-field-row-block wpforms-first wpforms-one-half\"><input type=\"text\" id=\"wpforms-248-field_2\" class=\"wpforms-field-name-first wpforms-field-required\" name=\"wpforms[fields][2][first]\" required><label for=\"wpforms-248-field_2\" class=\"wpforms-field-sublabel after\">Vorname<\/label><\/div><div class=\"wpforms-field-row-block wpforms-one-half\"><input type=\"text\" id=\"wpforms-248-field_2-last\" class=\"wpforms-field-name-last wpforms-field-required\" name=\"wpforms[fields][2][last]\" required><label for=\"wpforms-248-field_2-last\" class=\"wpforms-field-sublabel after\">Nachname<\/label><\/div><\/div><\/div><div id=\"wpforms-248-field_3-container\" class=\"wpforms-field wpforms-field-email\" data-field-id=\"3\"><label class=\"wpforms-field-label\" for=\"wpforms-248-field_3\">E-Mail <span class=\"wpforms-required-label\">*<\/span><\/label><input type=\"email\" id=\"wpforms-248-field_3\" class=\"wpforms-field-medium wpforms-field-required\" data-rule-restricted-email=\"1\" name=\"wpforms[fields][3]\" spellcheck=\"false\" required><\/div><div id=\"wpforms-248-field_7-container\" class=\"wpforms-field wpforms-field-html\" data-field-id=\"7\"><div id=\"wpforms-248-field_7\"> <font size=\"12\"><input type=\"checkbox\" name=\"Lekt\u00fcre\" required\/> Ich habe nach Lekt\u00fcre der Informationen f\u00fcr Studieninteressierte folgende Fragen: <\/font><font color=\"red\">&#42;<\/font><\/div><\/div><div id=\"wpforms-248-field_5-container\" class=\"wpforms-field wpforms-field-textarea\" data-field-id=\"5\"><label class=\"wpforms-field-label wpforms-label-hide\" for=\"wpforms-248-field_5\">Informationen <span class=\"wpforms-required-label\">*<\/span><\/label><textarea id=\"wpforms-248-field_5\" class=\"wpforms-field-medium wpforms-field-required\" name=\"wpforms[fields][5]\" required><\/textarea><\/div><div id=\"wpforms-248-field_6-container\" class=\"wpforms-field wpforms-field-html\" data-field-id=\"6\"><div id=\"wpforms-248-field_6\"><input type=\"checkbox\" name=\"Best\u00e4tigung\" required\/>Hiermit best\u00e4tige ich, dass ich NICHT an der Ruhr-Universit\u00e4t Bochum immatrikuliert bin.<font color=\"red\">&#42;<\/font><\/div><\/div><div id=\"wpforms-248-field_11-container\" class=\"wpforms-field wpforms-field-html\" data-field-id=\"11\"><div id=\"wpforms-248-field_11\"><input type=\"checkbox\" name=\"Datenschutz\" required\/> Ja, ich stimme den <a href=\"https:\/\/www.ruhr-uni-bochum.de\/de\/datenschutz\">Datenschutzbestimmungen der Ruhr-Universit\u00e4t<\/a> zu, und erteile  die Erlaubnis, meine hier angegebenen Daten zum Zweck einer Antwort zu verarbeiten. <font color=\"red\">&#42;<\/font><\/div><\/div><\/div><!-- .wpforms-field-container --><div class=\"wpforms-recaptcha-container wpforms-is-recaptcha wpforms-is-recaptcha-type-invisible\" ><div class=\"g-recaptcha\" data-sitekey=\"6LdHFSwmAAAAAGQu_NEEYwroU_YaL8yAvfbsYGTU\" data-size=\"invisible\"><\/div><\/div><div class=\"wpforms-submit-container\" ><input type=\"hidden\" name=\"wpforms[id]\" value=\"248\"><input type=\"hidden\" name=\"page_title\" value=\"\"><input type=\"hidden\" name=\"page_url\" value=\"https:\/\/optio.ruhr-uni-bochum.de\/index.php\/wp-json\/wp\/v2\/pages\/262\"><input type=\"hidden\" name=\"url_referer\" value=\"\"><button type=\"submit\" name=\"wpforms[submit]\" id=\"wpforms-submit-248\" class=\"wpforms-submit\" data-alt-text=\"Senden...\" data-submit-text=\"Absenden\" aria-live=\"assertive\" value=\"wpforms-submit\">Absenden<\/button><img decoding=\"async\" src=\"https:\/\/optio.ruhr-uni-bochum.de\/wp-content\/plugins\/wpforms\/assets\/images\/submit-spin.svg\" class=\"wpforms-submit-spinner\" style=\"display: none;\" width=\"26\" height=\"26\" alt=\"Wird geladen\"><\/div><\/form><\/div>  <!-- .wpforms-container --><\/div>\n\t\t\t\t\t<\/div><\/div>\t\t\t\t<\/div>\n\t\t\t\t<\/div>\n\t\t\t\t\t<\/div>\n\t\t<\/div>\n\t\t\t\t\t<\/div>\n\t\t<\/section>\n\t\t\t\t<section class=\"elementor-section elementor-top-section elementor-element elementor-element-e273284 elementor-section-boxed elementor-section-height-default elementor-section-height-default\" data-id=\"e273284\" data-element_type=\"section\" data-e-type=\"section\" data-settings=\"{&quot;_ha_eqh_enable&quot;:false}\">\n\t\t\t\t\t\t<div class=\"elementor-container elementor-column-gap-default\">\n\t\t\t\t\t<div class=\"elementor-column elementor-col-100 elementor-top-column elementor-element elementor-element-0283b4a\" data-id=\"0283b4a\" data-element_type=\"column\" data-e-type=\"column\">\n\t\t\t<div class=\"elementor-widget-wrap elementor-element-populated\">\n\t\t\t\t\t\t<div class=\"elementor-element elementor-element-c4c9614 elementor-widget elementor-widget-spacer\" data-id=\"c4c9614\" data-element_type=\"widget\" data-e-type=\"widget\" data-widget_type=\"spacer.default\">\n\t\t\t\t<div class=\"elementor-widget-container\">\n\t\t\t\t\t\t\t<div class=\"elementor-spacer\">\n\t\t\t<div class=\"elementor-spacer-inner\"><\/div>\n\t\t<\/div>\n\t\t\t\t\t\t<\/div>\n\t\t\t\t<\/div>\n\t\t\t\t\t<\/div>\n\t\t<\/div>\n\t\t\t\t\t<\/div>\n\t\t<\/section>\n\t\t\t\t<\/div>\n\t\t","protected":false},"excerpt":{"rendered":"<p>F\u00fcr Studieninteressierte Profilhandbuch Optionalbereich Sie interessieren sich f\u00fcr einen Bachelor-Studiengang der Ruhr-Universit\u00e4t Bochum, der den Optionalbereich als Studienbestandtteil enth\u00e4lt? Der Optionalbereich ist eine gemeinsame Einrichtung von 14 Fakult\u00e4ten der Ruhr-Universit\u00e4t Bochum und integraler Bestand Teil des 2-Fach-Bachelorstudiums, in dem 30 der 180 erforderlichen Credit Points studiert werden. Aber auch in [&hellip;]<\/p>\n","protected":false},"author":1,"featured_media":0,"parent":0,"menu_order":0,"comment_status":"closed","ping_status":"closed","template":"","meta":{"_themeisle_gutenberg_block_has_review":false,"footnotes":""},"class_list":["post-262","page","type-page","status-publish","hentry"],"_links":{"self":[{"href":"https:\/\/optio.ruhr-uni-bochum.de\/index.php\/wp-json\/wp\/v2\/pages\/262","targetHints":{"allow":["GET"]}}],"collection":[{"href":"https:\/\/optio.ruhr-uni-bochum.de\/index.php\/wp-json\/wp\/v2\/pages"}],"about":[{"href":"https:\/\/optio.ruhr-uni-bochum.de\/index.php\/wp-json\/wp\/v2\/types\/page"}],"author":[{"embeddable":true,"href":"https:\/\/optio.ruhr-uni-bochum.de\/index.php\/wp-json\/wp\/v2\/users\/1"}],"replies":[{"embeddable":true,"href":"https:\/\/optio.ruhr-uni-bochum.de\/index.php\/wp-json\/wp\/v2\/comments?post=262"}],"version-history":[{"count":36,"href":"https:\/\/optio.ruhr-uni-bochum.de\/index.php\/wp-json\/wp\/v2\/pages\/262\/revisions"}],"predecessor-version":[{"id":6591,"href":"https:\/\/optio.ruhr-uni-bochum.de\/index.php\/wp-json\/wp\/v2\/pages\/262\/revisions\/6591"}],"wp:attachment":[{"href":"https:\/\/optio.ruhr-uni-bochum.de\/index.php\/wp-json\/wp\/v2\/media?parent=262"}],"curies":[{"name":"wp","href":"https:\/\/api.w.org\/{rel}","templated":true}]}}