{"id":90,"date":"2021-11-17T13:05:05","date_gmt":"2021-11-17T12:05:05","guid":{"rendered":"https:\/\/optio.ruhr-uni-bochum.de\/?page_id=90"},"modified":"2026-02-17T10:30:22","modified_gmt":"2026-02-17T09:30:22","slug":"anerkennung","status":"publish","type":"page","link":"https:\/\/optio.ruhr-uni-bochum.de\/index.php\/anerkennung\/","title":{"rendered":"Anerkennung von Studienleistungen"},"content":{"rendered":"\t\t<div data-elementor-type=\"wp-page\" data-elementor-id=\"90\" class=\"elementor elementor-90\" data-elementor-settings=\"{&quot;ha_cmc_init_switcher&quot;:&quot;no&quot;}\" data-elementor-post-type=\"page\">\n\t\t\t\t\t\t<section class=\"elementor-section elementor-top-section elementor-element elementor-element-70edab75 elementor-section-boxed elementor-section-height-default elementor-section-height-default\" data-id=\"70edab75\" data-element_type=\"section\" data-e-type=\"section\" data-settings=\"{&quot;_ha_eqh_enable&quot;:false}\">\n\t\t\t\t\t\t<div class=\"elementor-container elementor-column-gap-default\">\n\t\t\t\t\t<div class=\"elementor-column elementor-col-100 elementor-top-column elementor-element elementor-element-1cc0ac40\" data-id=\"1cc0ac40\" data-element_type=\"column\" data-e-type=\"column\">\n\t\t\t<div class=\"elementor-widget-wrap elementor-element-populated\">\n\t\t\t\t\t\t<div class=\"elementor-element elementor-element-9b865fc elementor-widget elementor-widget-spacer\" data-id=\"9b865fc\" data-element_type=\"widget\" data-e-type=\"widget\" data-widget_type=\"spacer.default\">\n\t\t\t\t<div class=\"elementor-widget-container\">\n\t\t\t\t\t\t\t<div class=\"elementor-spacer\">\n\t\t\t<div class=\"elementor-spacer-inner\"><\/div>\n\t\t<\/div>\n\t\t\t\t\t\t<\/div>\n\t\t\t\t<\/div>\n\t\t\t\t<div class=\"elementor-element elementor-element-47d2d6f ha-has-bg-overlay elementor-widget elementor-widget-heading\" data-id=\"47d2d6f\" data-element_type=\"widget\" data-e-type=\"widget\" data-widget_type=\"heading.default\">\n\t\t\t\t<div class=\"elementor-widget-container\">\n\t\t\t\t\t<h2 class=\"elementor-heading-title elementor-size-default\">Anerkennung von externen Studienleistungen<\/h2>\t\t\t\t<\/div>\n\t\t\t\t<\/div>\n\t\t\t\t\t<\/div>\n\t\t<\/div>\n\t\t\t\t\t<\/div>\n\t\t<\/section>\n\t\t\t\t<section class=\"elementor-section elementor-top-section elementor-element elementor-element-624360a elementor-section-boxed elementor-section-height-default elementor-section-height-default\" data-id=\"624360a\" data-element_type=\"section\" data-e-type=\"section\" data-settings=\"{&quot;_ha_eqh_enable&quot;:false}\">\n\t\t\t\t\t\t<div class=\"elementor-container elementor-column-gap-default\">\n\t\t\t\t\t<div class=\"elementor-column elementor-col-100 elementor-top-column elementor-element elementor-element-f715fd7\" data-id=\"f715fd7\" data-element_type=\"column\" data-e-type=\"column\">\n\t\t\t<div class=\"elementor-widget-wrap elementor-element-populated\">\n\t\t\t\t\t\t<section class=\"elementor-section elementor-inner-section elementor-element elementor-element-0cae832 elementor-section-boxed elementor-section-height-default elementor-section-height-default\" data-id=\"0cae832\" data-element_type=\"section\" data-e-type=\"section\" data-settings=\"{&quot;_ha_eqh_enable&quot;:false}\">\n\t\t\t\t\t\t<div class=\"elementor-container elementor-column-gap-default\">\n\t\t\t\t\t<div class=\"elementor-column elementor-col-50 elementor-inner-column elementor-element elementor-element-180240f\" data-id=\"180240f\" data-element_type=\"column\" data-e-type=\"column\">\n\t\t\t<div class=\"elementor-widget-wrap elementor-element-populated\">\n\t\t\t\t\t\t<div class=\"elementor-element elementor-element-0650084 elementor-hidden-mobile elementor-icon-list--layout-traditional elementor-list-item-link-full_width elementor-widget elementor-widget-icon-list\" data-id=\"0650084\" data-element_type=\"widget\" data-e-type=\"widget\" data-widget_type=\"icon-list.default\">\n\t\t\t\t<div class=\"elementor-widget-container\">\n\t\t\t\t\t\t\t<ul class=\"elementor-icon-list-items\">\n\t\t\t\t\t\t\t<li class=\"elementor-icon-list-item\">\n\t\t\t\t\t\t\t\t\t\t\t<a href=\"https:\/\/optio.ruhr-uni-bochum.de\/wp-content\/uploads\/2022\/02\/Anerkennung.pdf\" target=\"_blank\">\n\n\t\t\t\t\t\t\t\t\t\t\t\t<span class=\"elementor-icon-list-icon\">\n\t\t\t\t\t\t\t<i aria-hidden=\"true\" class=\"fas fa-file-pdf\"><\/i>\t\t\t\t\t\t<\/span>\n\t\t\t\t\t\t\t\t\t\t<span class=\"elementor-icon-list-text\">Formular zur Anerkennung von externen Studienleistungen<\/span>\n\t\t\t\t\t\t\t\t\t\t\t<\/a>\n\t\t\t\t\t\t\t\t\t<\/li>\n\t\t\t\t\t\t<\/ul>\n\t\t\t\t\t\t<\/div>\n\t\t\t\t<\/div>\n\t\t\t\t\t<\/div>\n\t\t<\/div>\n\t\t\t\t<div class=\"elementor-column elementor-col-50 elementor-inner-column elementor-element elementor-element-abc2ac3\" data-id=\"abc2ac3\" data-element_type=\"column\" data-e-type=\"column\">\n\t\t\t<div class=\"elementor-widget-wrap elementor-element-populated\">\n\t\t\t\t\t\t<div class=\"elementor-element elementor-element-fb8188e elementor-widget elementor-widget-text-editor\" data-id=\"fb8188e\" data-element_type=\"widget\" data-e-type=\"widget\" data-widget_type=\"text-editor.default\">\n\t\t\t\t<div class=\"elementor-widget-container\">\n\t\t\t\t\t\t\t\t\t<p>Die Anerkennung von externen Studienleistungen richtet sich an Studierende, die z. B. Leistungen an anderen Universit\u00e4ten erbracht haben, und diese nicht im Fachstudium an der Ruhr-Universit\u00e4t einbringen k\u00f6nnen. Dabei kann es sich um Leistungen handeln, die an anderen Universit\u00e4ten (auch im Ausland) oder im Falle eines Fachwechsels in anderen F\u00e4chern der Ruhr-Universit\u00e4t erbracht wurden.<\/p><p>Fachinhalte, der aktuell studierten Fachkombination k\u00f6nnen nicht f\u00fcr den Optionalbereich anerkannt werden.<\/p><p>Sind die Voraussetzungen f\u00fcr eine Anerkennung von externen Studienleistungen erf\u00fcllt, k\u00f6nnen Sie \u00fcber das unten aufgef\u00fchrte Kontaktformular einen Antrag auf Anerkennung an den Optionalbereich richten.<\/p><p>Antr\u00e4ge auf Anerkennung werden immer individuell gepr\u00fcft. Eine Garantie zur Anerkennung von externen Leistungen f\u00fcr den Optionalbereich kann also nicht gegeben werden!<\/p><p>Die Best\u00e4tigung Ihrer regul\u00e4r erbrachten Studienleistungen im Optionalbereich, z.B. zur Pr\u00fcfungsanmeldung, ist <u>keine<\/u> Anerkennung von externen Studienleistungen (siehe dazu <a href=\"https:\/\/optio.ruhr-uni-bochum.de\/?page_id=95\">Pr\u00fcfung<\/a>)!<\/p><p>Wichtige Punkte zur Anerkennung von externen Studienleistungen:<\/p><ol><li>Bitte senden Sie uns Ihren <span style=\"text-decoration: underline;\">ausgef\u00fcllten und unterschriebenen<\/span> <a href=\"https:\/\/optio.ruhr-uni-bochum.de\/wp-content\/uploads\/2022\/02\/Anerkennung.pdf\" target=\"_blank\" rel=\"noopener\">Antrag<\/a> auf Anerkennung von externen Studienleistungen zu.<\/li><li>F\u00fcgen Sie eine <span>aktuelle Studienbescheinigung der Ruhr-Universit\u00e4t Bochum bei.<\/span><\/li><li>Zus\u00e4tzlich werden das <span>unterschriebene und gestempelte oder anderweitig verifizierte Transcript des ehemaligen Studiengangs<\/span> ben\u00f6tigt (ggf. Scheine).<\/li><li><span>Sofern eines Ihrer derzeitigen F\u00e4cher bereits Leistungen anerkannt hat, ist zudem eine Aufstellung dieser Leistungen erforderlich.<\/span><\/li><li>Scannen Sie bitte alle Unterlagen ein und senden Sie sie \u00fcber das untenstehende Kontaktformular an uns.<\/li><\/ol>\t\t\t\t\t\t\t\t<\/div>\n\t\t\t\t<\/div>\n\t\t\t\t\t<\/div>\n\t\t<\/div>\n\t\t\t\t\t<\/div>\n\t\t<\/section>\n\t\t\t\t<section class=\"elementor-section elementor-inner-section elementor-element elementor-element-00831fc elementor-section-boxed elementor-section-height-default elementor-section-height-default\" data-id=\"00831fc\" data-element_type=\"section\" data-e-type=\"section\" data-settings=\"{&quot;_ha_eqh_enable&quot;:false}\">\n\t\t\t\t\t\t<div class=\"elementor-container elementor-column-gap-default\">\n\t\t\t\t\t<div class=\"elementor-column elementor-col-100 elementor-inner-column elementor-element elementor-element-d3a73de\" data-id=\"d3a73de\" data-element_type=\"column\" data-e-type=\"column\">\n\t\t\t<div class=\"elementor-widget-wrap elementor-element-populated\">\n\t\t\t\t\t\t<div class=\"elementor-element elementor-element-0822694 elementor-hidden-desktop elementor-hidden-tablet elementor-icon-list--layout-traditional elementor-list-item-link-full_width elementor-widget elementor-widget-icon-list\" data-id=\"0822694\" data-element_type=\"widget\" data-e-type=\"widget\" data-widget_type=\"icon-list.default\">\n\t\t\t\t<div class=\"elementor-widget-container\">\n\t\t\t\t\t\t\t<ul class=\"elementor-icon-list-items\">\n\t\t\t\t\t\t\t<li class=\"elementor-icon-list-item\">\n\t\t\t\t\t\t\t\t\t\t\t<a href=\"https:\/\/optio.ruhr-uni-bochum.de\/wp-content\/uploads\/2022\/02\/Anerkennung.pdf\">\n\n\t\t\t\t\t\t\t\t\t\t\t\t<span class=\"elementor-icon-list-icon\">\n\t\t\t\t\t\t\t<i aria-hidden=\"true\" class=\"fas fa-file-pdf\"><\/i>\t\t\t\t\t\t<\/span>\n\t\t\t\t\t\t\t\t\t\t<span class=\"elementor-icon-list-text\">Formular zur Anerkennung von externen Studienleistungen<\/span>\n\t\t\t\t\t\t\t\t\t\t\t<\/a>\n\t\t\t\t\t\t\t\t\t<\/li>\n\t\t\t\t\t\t<\/ul>\n\t\t\t\t\t\t<\/div>\n\t\t\t\t<\/div>\n\t\t\t\t\t<\/div>\n\t\t<\/div>\n\t\t\t\t\t<\/div>\n\t\t<\/section>\n\t\t\t\t\t<\/div>\n\t\t<\/div>\n\t\t\t\t\t<\/div>\n\t\t<\/section>\n\t\t\t\t<section class=\"elementor-section elementor-top-section elementor-element elementor-element-c7f73c3 elementor-section-boxed elementor-section-height-default elementor-section-height-default\" data-id=\"c7f73c3\" data-element_type=\"section\" data-e-type=\"section\" data-settings=\"{&quot;_ha_eqh_enable&quot;:false}\">\n\t\t\t\t\t\t<div class=\"elementor-container elementor-column-gap-default\">\n\t\t\t\t\t<div class=\"elementor-column elementor-col-100 elementor-top-column elementor-element elementor-element-5d2d3ed\" data-id=\"5d2d3ed\" data-element_type=\"column\" data-e-type=\"column\">\n\t\t\t<div class=\"elementor-widget-wrap elementor-element-populated\">\n\t\t\t\t\t\t<div class=\"elementor-element elementor-element-99ae746 elementor-widget elementor-widget-heading\" data-id=\"99ae746\" data-element_type=\"widget\" data-e-type=\"widget\" data-widget_type=\"heading.default\">\n\t\t\t\t<div class=\"elementor-widget-container\">\n\t\t\t\t\t<h2 class=\"elementor-heading-title elementor-size-default\">Kontaktformular<\/h2>\t\t\t\t<\/div>\n\t\t\t\t<\/div>\n\t\t\t\t<div class=\"elementor-element elementor-element-530750c elementor-widget elementor-widget-text-editor\" data-id=\"530750c\" data-element_type=\"widget\" data-e-type=\"widget\" data-widget_type=\"text-editor.default\">\n\t\t\t\t<div class=\"elementor-widget-container\">\n\t\t\t\t\t\t\t\t\t<div class=\"wpforms-container wpforms-container-full\" id=\"wpforms-243\"><form id=\"wpforms-form-243\" class=\"wpforms-validate wpforms-form wpforms-ajax-form\" data-formid=\"243\" method=\"post\" enctype=\"multipart\/form-data\" action=\"\/index.php\/wp-json\/wp\/v2\/pages\/90?wpforms_form_id=243\" data-token=\"91e4018351e967d968b549917ce7347c\" data-token-time=\"1775842862\"><noscript class=\"wpforms-error-noscript\">Bitte aktiviere JavaScript in deinem Browser, um dieses Formular fertigzustellen.<\/noscript><div class=\"wpforms-field-container\"><div id=\"wpforms-243-field_24-container\" class=\"wpforms-field wpforms-field-text\" data-field-id=\"24\"><label class=\"wpforms-field-label\" for=\"wpforms-243-field_24\">gew\u00fcnschte Anrede <span class=\"wpforms-required-label\">*<\/span><\/label><input type=\"text\" id=\"wpforms-243-field_24\" class=\"wpforms-field-small wpforms-field-required\" name=\"wpforms[fields][24]\" required><\/div><div id=\"wpforms-243-field_10-container\" class=\"wpforms-field wpforms-field-name\" data-field-id=\"10\"><label class=\"wpforms-field-label\">Name <span class=\"wpforms-required-label\">*<\/span><\/label><div class=\"wpforms-field-row wpforms-field-medium\"><div class=\"wpforms-field-row-block wpforms-first wpforms-one-half\"><input type=\"text\" id=\"wpforms-243-field_10\" class=\"wpforms-field-name-first wpforms-field-required\" name=\"wpforms[fields][10][first]\" required><label for=\"wpforms-243-field_10\" class=\"wpforms-field-sublabel after\">Vorname<\/label><\/div><div class=\"wpforms-field-row-block wpforms-one-half\"><input type=\"text\" id=\"wpforms-243-field_10-last\" class=\"wpforms-field-name-last wpforms-field-required\" name=\"wpforms[fields][10][last]\" required><label for=\"wpforms-243-field_10-last\" class=\"wpforms-field-sublabel after\">Nachname<\/label><\/div><\/div><\/div><div id=\"wpforms-243-field_4-container\" class=\"wpforms-field wpforms-field-email\" data-field-id=\"4\"><label class=\"wpforms-field-label\" for=\"wpforms-243-field_4\">E-Mail <span class=\"wpforms-required-label\">*<\/span><\/label><input type=\"email\" id=\"wpforms-243-field_4\" class=\"wpforms-field-medium wpforms-field-required\" data-rule-restricted-email=\"1\" name=\"wpforms[fields][4]\" spellcheck=\"false\" required><div class=\"wpforms-field-description\">Bitte geben Sie Ihre RUB-Email-Adresse an (sofern vorhanden), da der Empfang vertraulicher Elemente nur \u00fcber universit\u00e4tsinterne Kommunikationswege gesichert ist.<\/div><\/div><div id=\"wpforms-243-field_9-container\" class=\"wpforms-field wpforms-field-text\" data-field-id=\"9\"><label class=\"wpforms-field-label\" for=\"wpforms-243-field_9\">Matrikelnummer<\/label><input type=\"text\" id=\"wpforms-243-field_9\" class=\"wpforms-field-medium wpforms-masked-input\" data-rule-inputmask-incomplete=\"1\" data-inputmask-mask=\"108999999999\" name=\"wpforms[fields][9]\" ><div class=\"wpforms-field-description\">sofern vorhanden<\/div><\/div><div id=\"wpforms-243-field_20-container\" class=\"wpforms-field wpforms-field-text\" data-field-id=\"20\"><label class=\"wpforms-field-label\" for=\"wpforms-243-field_20\">Erstfach an der RUB <span class=\"wpforms-required-label\">*<\/span><\/label><input type=\"text\" id=\"wpforms-243-field_20\" class=\"wpforms-field-medium wpforms-field-required\" name=\"wpforms[fields][20]\" required><\/div><div id=\"wpforms-243-field_21-container\" class=\"wpforms-field wpforms-field-text\" data-field-id=\"21\"><label class=\"wpforms-field-label\" for=\"wpforms-243-field_21\">Zweitfach an der RUB<\/label><input type=\"text\" id=\"wpforms-243-field_21\" class=\"wpforms-field-medium\" name=\"wpforms[fields][21]\" ><div class=\"wpforms-field-description\">sofern vorhanden<\/div><\/div><div id=\"wpforms-243-field_15-container\" class=\"wpforms-field wpforms-field-textarea\" data-field-id=\"15\"><label class=\"wpforms-field-label\" for=\"wpforms-243-field_15\">Begr\u00fcndung der Antragstellung <span class=\"wpforms-required-label\">*<\/span><\/label><textarea id=\"wpforms-243-field_15\" class=\"wpforms-field-medium wpforms-field-required\" name=\"wpforms[fields][15]\" required><\/textarea><\/div><div id=\"wpforms-243-field_23-container\" class=\"wpforms-field wpforms-field-file-upload\" data-field-id=\"23\"><label class=\"wpforms-field-label\" for=\"wpforms-243-field_23\">Datei hochladen <span class=\"wpforms-required-label\">*<\/span><\/label><div\n\t\tclass=\"wpforms-uploader wpforms-field-required\"\n\t\tdata-field-id=\"23\"\n\t\tdata-form-id=\"243\"\n\t\tdata-input-name=\"wpforms_243_23\"\n\t\tdata-extensions=\"pdf\"\n\t\tdata-max-size=\"31457280\"\n\t\tdata-max-file-number=\"1\"\n\t\tdata-post-max-size=\"52428800\"\n\t\tdata-max-parallel-uploads=\"4\"\n\t\tdata-parallel-uploads=\"true\"\n\t\tdata-file-chunk-size=\"2097152\">\n\t<div class=\"dz-message\">\n\t\t<svg  viewBox=\"0 0 640 640\" focusable=\"false\" data-icon=\"inbox\" width=\"50px\" height=\"50px\" fill=\"currentColor\" aria-hidden=\"true\">\n\t\t\t<path d=\"M352 173.3L352 384C352 401.7 337.7 416 320 416C302.3 416 288 401.7 288 384L288 173.3L246.6 214.7C234.1 227.2 213.8 227.2 201.3 214.7C188.8 202.2 188.8 181.9 201.3 169.4L297.3 73.4C309.8 60.9 330.1 60.9 342.6 73.4L438.6 169.4C451.1 181.9 451.1 202.2 438.6 214.7C426.1 227.2 405.8 227.2 393.3 214.7L352 173.3zM320 464C364.2 464 400 428.2 400 384L480 384C515.3 384 544 412.7 544 448L544 480C544 515.3 515.3 544 480 544L160 544C124.7 544 96 515.3 96 480L96 448C96 412.7 124.7 384 160 384L240 384C240 428.2 275.8 464 320 464zM464 488C477.3 488 488 477.3 488 464C488 450.7 477.3 440 464 440C450.7 440 440 450.7 440 464C440 477.3 450.7 488 464 488z\"\/>\n\t\t<\/svg>\n\n\t\t<span class=\"modern-title\">\n\t\t\t\t\t\t\tDrag &amp; Drop Files, \t\t\t\t<span>Choose Files to Upload<\/span>\n\t\t\t\t\t<\/span>\n\n\t\t\t<\/div>\n<\/div>\n\n<input\n\t\ttype=\"text\"\n\t\tautocomplete=\"off\"\n\t\treadonly\n\t\tclass=\"dropzone-input\"\n\t\tstyle=\"position:absolute!important;clip:rect(0,0,0,0)!important;height:1px!important;width:1px!important;border:0!important;overflow:hidden!important;padding:0!important;margin:0!important;\"\n\t\tid=\"wpforms-243-field_23\"\n\t\tname=\"wpforms_243_23\" required\t\tvalue=\"\">\n<div class=\"wpforms-field-description\">Bitte laden Sie Ihren Antrag auf Anerkennung von Studienleistungen, Ihre Scheine sowie eine aktuelle Studienbescheinigung als <font color=\"#FF0000\">eine PDF-Datei mit max. 30 MB<\/font> hoch. \n<br \/><font color=\"#008000\">Nutzen Sie zum Zusammenf\u00fcgen mehrerer PDF-Dateien bitte das kostenlose PDF-Merge-Tool von Adobe oder PDF24.<\/font><\/div><\/div>\t\t<div id=\"wpforms-243-field_1-container\"\n\t\t\tclass=\"wpforms-field wpforms-field-text\"\n\t\t\tdata-field-type=\"text\"\n\t\t\tdata-field-id=\"1\"\n\t\t\t>\n\t\t\t<label class=\"wpforms-field-label\" for=\"wpforms-243-field_1\" >Matrikelnummer Datei gew\u00fcnschte<\/label>\n\t\t\t<input type=\"text\" id=\"wpforms-243-field_1\" class=\"wpforms-field-medium\" name=\"wpforms[fields][1]\" >\n\t\t<\/div>\n\t\t<div id=\"wpforms-243-field_22-container\" class=\"wpforms-field wpforms-field-html\" data-field-id=\"22\"><div id=\"wpforms-243-field_22\"><input type=\"checkbox\" name=\"Datenschutz\" required\/> Ja, ich stimme den <a href=\"https:\/\/www.ruhr-uni-bochum.de\/de\/datenschutz\">Datenschutzbestimmungen der Ruhr-Universit\u00e4t<\/a> zu, und erteile  die Erlaubnis, meine hier angegebenen Daten zum Zweck einer Antwort zu verarbeiten. <font color=\"red\">&#42;<\/font><\/div><\/div><script>\n\t\t\t\t( function() {\n\t\t\t\t\tconst style = document.createElement( 'style' );\n\t\t\t\t\tstyle.appendChild( document.createTextNode( '#wpforms-243-field_1-container { position: absolute !important; overflow: hidden !important; display: inline !important; height: 1px !important; width: 1px !important; z-index: -1000 !important; padding: 0 !important; } #wpforms-243-field_1-container input { visibility: hidden; } #wpforms-conversational-form-page #wpforms-243-field_1-container label { counter-increment: none; }' ) );\n\t\t\t\t\tdocument.head.appendChild( style );\n\t\t\t\t\tdocument.currentScript?.remove();\n\t\t\t\t} )();\n\t\t\t<\/script><\/div><!-- .wpforms-field-container --><div class=\"wpforms-recaptcha-container wpforms-is-recaptcha wpforms-is-recaptcha-type-invisible\" ><div class=\"g-recaptcha\" data-sitekey=\"6LdHFSwmAAAAAGQu_NEEYwroU_YaL8yAvfbsYGTU\" data-size=\"invisible\"><\/div><\/div><div class=\"wpforms-submit-container\" ><input type=\"hidden\" name=\"wpforms[id]\" value=\"243\"><input type=\"hidden\" name=\"page_title\" value=\"\"><input type=\"hidden\" name=\"page_url\" value=\"https:\/\/optio.ruhr-uni-bochum.de\/index.php\/wp-json\/wp\/v2\/pages\/90\"><input type=\"hidden\" name=\"url_referer\" value=\"\"><button type=\"submit\" name=\"wpforms[submit]\" id=\"wpforms-submit-243\" class=\"wpforms-submit\" data-alt-text=\"Senden...\" data-submit-text=\"Absenden\" aria-live=\"assertive\" value=\"wpforms-submit\">Absenden<\/button><img decoding=\"async\" src=\"https:\/\/optio.ruhr-uni-bochum.de\/wp-content\/plugins\/wpforms\/assets\/images\/submit-spin.svg\" class=\"wpforms-submit-spinner\" style=\"display: none;\" width=\"26\" height=\"26\" alt=\"Wird geladen\"><\/div><\/form><\/div>  <!-- .wpforms-container -->\t\t\t\t\t\t\t\t<\/div>\n\t\t\t\t<\/div>\n\t\t\t\t<div class=\"elementor-element elementor-element-02da3b9 elementor-widget elementor-widget-spacer\" data-id=\"02da3b9\" data-element_type=\"widget\" data-e-type=\"widget\" data-widget_type=\"spacer.default\">\n\t\t\t\t<div class=\"elementor-widget-container\">\n\t\t\t\t\t\t\t<div class=\"elementor-spacer\">\n\t\t\t<div class=\"elementor-spacer-inner\"><\/div>\n\t\t<\/div>\n\t\t\t\t\t\t<\/div>\n\t\t\t\t<\/div>\n\t\t\t\t\t<\/div>\n\t\t<\/div>\n\t\t\t\t\t<\/div>\n\t\t<\/section>\n\t\t\t\t<\/div>\n\t\t","protected":false},"excerpt":{"rendered":"<p>Anerkennung von externen Studienleistungen Formular zur Anerkennung von externen Studienleistungen Die Anerkennung von externen Studienleistungen richtet sich an Studierende, die z. B. Leistungen an anderen Universit\u00e4ten erbracht haben, und diese nicht im Fachstudium an der Ruhr-Universit\u00e4t einbringen k\u00f6nnen. Dabei kann es sich um Leistungen handeln, die an anderen Universit\u00e4ten (auch [&hellip;]<\/p>\n","protected":false},"author":1,"featured_media":0,"parent":0,"menu_order":0,"comment_status":"closed","ping_status":"closed","template":"","meta":{"_themeisle_gutenberg_block_has_review":false,"footnotes":""},"class_list":["post-90","page","type-page","status-publish","hentry"],"_links":{"self":[{"href":"https:\/\/optio.ruhr-uni-bochum.de\/index.php\/wp-json\/wp\/v2\/pages\/90","targetHints":{"allow":["GET"]}}],"collection":[{"href":"https:\/\/optio.ruhr-uni-bochum.de\/index.php\/wp-json\/wp\/v2\/pages"}],"about":[{"href":"https:\/\/optio.ruhr-uni-bochum.de\/index.php\/wp-json\/wp\/v2\/types\/page"}],"author":[{"embeddable":true,"href":"https:\/\/optio.ruhr-uni-bochum.de\/index.php\/wp-json\/wp\/v2\/users\/1"}],"replies":[{"embeddable":true,"href":"https:\/\/optio.ruhr-uni-bochum.de\/index.php\/wp-json\/wp\/v2\/comments?post=90"}],"version-history":[{"count":124,"href":"https:\/\/optio.ruhr-uni-bochum.de\/index.php\/wp-json\/wp\/v2\/pages\/90\/revisions"}],"predecessor-version":[{"id":13055,"href":"https:\/\/optio.ruhr-uni-bochum.de\/index.php\/wp-json\/wp\/v2\/pages\/90\/revisions\/13055"}],"wp:attachment":[{"href":"https:\/\/optio.ruhr-uni-bochum.de\/index.php\/wp-json\/wp\/v2\/media?parent=90"}],"curies":[{"name":"wp","href":"https:\/\/api.w.org\/{rel}","templated":true}]}}