{"id":98,"date":"2021-11-17T13:10:19","date_gmt":"2021-11-17T12:10:19","guid":{"rendered":"https:\/\/optio.ruhr-uni-bochum.de\/?page_id=98"},"modified":"2023-11-07T14:12:44","modified_gmt":"2023-11-07T13:12:44","slug":"beratung","status":"publish","type":"page","link":"https:\/\/optio.ruhr-uni-bochum.de\/index.php\/beratung\/","title":{"rendered":"Allgemeine Beratung"},"content":{"rendered":"\t\t<div data-elementor-type=\"wp-page\" data-elementor-id=\"98\" class=\"elementor elementor-98\" data-elementor-settings=\"{&quot;ha_cmc_init_switcher&quot;:&quot;no&quot;}\" data-elementor-post-type=\"page\">\n\t\t\t\t\t\t<section class=\"elementor-section elementor-top-section elementor-element elementor-element-dd8b0d9 elementor-section-boxed elementor-section-height-default elementor-section-height-default\" data-id=\"dd8b0d9\" data-element_type=\"section\" data-e-type=\"section\" data-settings=\"{&quot;_ha_eqh_enable&quot;:false}\">\n\t\t\t\t\t\t<div class=\"elementor-container elementor-column-gap-default\">\n\t\t\t\t\t<div class=\"elementor-column elementor-col-100 elementor-top-column elementor-element elementor-element-4ae0607\" data-id=\"4ae0607\" data-element_type=\"column\" data-e-type=\"column\">\n\t\t\t<div class=\"elementor-widget-wrap elementor-element-populated\">\n\t\t\t\t\t\t<div class=\"elementor-element elementor-element-b1b8fb6 elementor-widget elementor-widget-spacer\" data-id=\"b1b8fb6\" data-element_type=\"widget\" data-e-type=\"widget\" data-widget_type=\"spacer.default\">\n\t\t\t\t<div class=\"elementor-widget-container\">\n\t\t\t\t\t\t\t<div class=\"elementor-spacer\">\n\t\t\t<div class=\"elementor-spacer-inner\"><\/div>\n\t\t<\/div>\n\t\t\t\t\t\t<\/div>\n\t\t\t\t<\/div>\n\t\t\t\t<div class=\"elementor-element elementor-element-aca1cc9 ha-has-bg-overlay elementor-widget elementor-widget-heading\" data-id=\"aca1cc9\" data-element_type=\"widget\" data-e-type=\"widget\" data-widget_type=\"heading.default\">\n\t\t\t\t<div class=\"elementor-widget-container\">\n\t\t\t\t\t<h2 class=\"elementor-heading-title elementor-size-default\">Allgemeine Beratung<\/h2>\t\t\t\t<\/div>\n\t\t\t\t<\/div>\n\t\t\t\t<section class=\"elementor-section elementor-inner-section elementor-element elementor-element-8bdb74c elementor-section-boxed elementor-section-height-default elementor-section-height-default\" data-id=\"8bdb74c\" data-element_type=\"section\" data-e-type=\"section\" data-settings=\"{&quot;_ha_eqh_enable&quot;:false}\">\n\t\t\t\t\t\t<div class=\"elementor-container elementor-column-gap-default\">\n\t\t\t\t\t<div class=\"elementor-column elementor-col-50 elementor-inner-column elementor-element elementor-element-227232d\" data-id=\"227232d\" data-element_type=\"column\" data-e-type=\"column\">\n\t\t\t<div class=\"elementor-widget-wrap elementor-element-populated\">\n\t\t\t\t\t\t<div class=\"elementor-element elementor-element-f91ec92 elementor-hidden-mobile elementor-icon-list--layout-traditional elementor-list-item-link-full_width elementor-widget elementor-widget-icon-list\" data-id=\"f91ec92\" data-element_type=\"widget\" data-e-type=\"widget\" data-widget_type=\"icon-list.default\">\n\t\t\t\t<div class=\"elementor-widget-container\">\n\t\t\t\t\t\t\t<ul class=\"elementor-icon-list-items\">\n\t\t\t\t\t\t\t<li class=\"elementor-icon-list-item\">\n\t\t\t\t\t\t\t\t\t\t\t<a href=\"https:\/\/optio.ruhr-uni-bochum.de\/wp-content\/uploads\/2022\/05\/Profilhandbuch_Neu_18-03-2025.pdf\">\n\n\t\t\t\t\t\t\t\t\t\t\t\t<span class=\"elementor-icon-list-icon\">\n\t\t\t\t\t\t\t<i aria-hidden=\"true\" class=\"fas fa-file-pdf\"><\/i>\t\t\t\t\t\t<\/span>\n\t\t\t\t\t\t\t\t\t\t<span class=\"elementor-icon-list-text\">Profilhandbuch Optionalbereich<\/span>\n\t\t\t\t\t\t\t\t\t\t\t<\/a>\n\t\t\t\t\t\t\t\t\t<\/li>\n\t\t\t\t\t\t<\/ul>\n\t\t\t\t\t\t<\/div>\n\t\t\t\t<\/div>\n\t\t\t\t<div class=\"elementor-element elementor-element-2ab9f2b elementor-widget elementor-widget-spacer\" data-id=\"2ab9f2b\" data-element_type=\"widget\" data-e-type=\"widget\" data-widget_type=\"spacer.default\">\n\t\t\t\t<div class=\"elementor-widget-container\">\n\t\t\t\t\t\t\t<div class=\"elementor-spacer\">\n\t\t\t<div class=\"elementor-spacer-inner\"><\/div>\n\t\t<\/div>\n\t\t\t\t\t\t<\/div>\n\t\t\t\t<\/div>\n\t\t\t\t<div class=\"elementor-element elementor-element-74c8071 elementor-view-default elementor-widget elementor-widget-icon\" data-id=\"74c8071\" data-element_type=\"widget\" data-e-type=\"widget\" data-widget_type=\"icon.default\">\n\t\t\t\t<div class=\"elementor-widget-container\">\n\t\t\t\t\t\t\t<div class=\"elementor-icon-wrapper\">\n\t\t\t<div class=\"elementor-icon\">\n\t\t\t<i aria-hidden=\"true\" class=\"hm hm-bulb\"><\/i>\t\t\t<\/div>\n\t\t<\/div>\n\t\t\t\t\t\t<\/div>\n\t\t\t\t<\/div>\n\t\t\t\t<div class=\"elementor-element elementor-element-7e6f99a elementor-widget elementor-widget-text-editor\" data-id=\"7e6f99a\" data-element_type=\"widget\" data-e-type=\"widget\" data-widget_type=\"text-editor.default\">\n\t\t\t\t<div class=\"elementor-widget-container\">\n\t\t\t\t\t\t\t\t\t<p><\/p>\n<p>Handelt es sich bei Ihrem Anliegen um<a href=\"https:\/\/optio.ruhr-uni-bochum.de\/?page_id=95\"> Formbl\u00e4tter zur Pr\u00fcfungsanmeldung<\/a>, <a href=\"https:\/\/optio.ruhr-uni-bochum.de\/?page_id=6524\">Praktika<\/a> oder die <a href=\"https:\/\/optio.ruhr-uni-bochum.de\/?page_id=90\">Anerkennung von Studienleistungen<\/a>, verwenden Sie bitte die jeweiligen themenspezifischen Kontaktformulare.<\/p>\n<p><\/p>\n<p><\/p>\n<p><\/p>\n<p><\/p>\n<p><\/p>\n<p><\/p>\n<p><\/p>\n<p><\/p>\t\t\t\t\t\t\t\t<\/div>\n\t\t\t\t<\/div>\n\t\t\t\t\t<\/div>\n\t\t<\/div>\n\t\t\t\t<div class=\"elementor-column elementor-col-50 elementor-inner-column elementor-element elementor-element-a7ffa97\" data-id=\"a7ffa97\" data-element_type=\"column\" data-e-type=\"column\">\n\t\t\t<div class=\"elementor-widget-wrap elementor-element-populated\">\n\t\t\t\t\t\t<div class=\"elementor-element elementor-element-866778b elementor-widget elementor-widget-text-editor\" data-id=\"866778b\" data-element_type=\"widget\" data-e-type=\"widget\" data-widget_type=\"text-editor.default\">\n\t\t\t\t<div class=\"elementor-widget-container\">\n\t\t\t\t\t\t\t\t\t<p><\/p>\n<p>Sie sind neu an der Ruhr-Universit\u00e4t Bochum und studieren einen <b>zwei-Fach-Bachelor<\/b>&#8211; oder einen <b>Ein-Fach-Bachelor-Studiengang<\/b> <b>mit Optionalbereich<\/b>? Um einen \u00dcberblick \u00fcber das Studium und die dazugeh\u00f6rigen Inhalte zu bekommen, empfiehlt es sich eine speziell auf Sie abgestimmte Beratung in Anspruch zu nehmen.<\/p>\n<p>Die <b>Erstsemesterberatung <\/b>richtet sich vor allem an Studierende in den ersten Semestern des Bachelorstudiums, die eine Orientierung ben\u00f6tigen. Wir empfehlen deshalb allen Studierenden, diese in Anspruch zu nehmen.<\/p>\n<p>Au\u00dferdem bieten wir eine Beratung zu Profilen oder zu weiteren <b>profilspezifischen Anliegen <\/b>an.<\/p>\n<p>Die<b> Beratung zu allen Profilen<\/b> richtet sich zudem speziell an Studierende, die noch keine Orientierung bez\u00fcglich der Profilwahl haben und einen umfangreichen \u00dcberblick \u00fcber die Profile des Optionalbereichs erhalten wollen.<\/p>\n<p>Haben Sie Ihren Profilfokus bereits eingegrenzt, k\u00f6nnen Sie bei der Beratung zu ausgew\u00e4hlten Profilen spezifischere Informationen und Hilfestellungen zu dem\/den gew\u00fcnschten Profil\/en erhalten.<\/p>\n<p>In jedem Falle wenden Sie sich bitte \u00fcber das unten aufgef\u00fchrte <b>Kontaktformular <\/b>an uns.<\/p>\n<p><\/p>\n<p><\/p>\n<p><\/p>\n<p><\/p>\n<p><\/p>\n<p><\/p>\n<p><\/p>\n<p><\/p>\t\t\t\t\t\t\t\t<\/div>\n\t\t\t\t<\/div>\n\t\t\t\t\t<\/div>\n\t\t<\/div>\n\t\t\t\t\t<\/div>\n\t\t<\/section>\n\t\t\t\t<div class=\"elementor-element elementor-element-538d0a3 elementor-widget elementor-widget-text-editor\" data-id=\"538d0a3\" data-element_type=\"widget\" data-e-type=\"widget\" data-widget_type=\"text-editor.default\">\n\t\t\t\t<div class=\"elementor-widget-container\">\n\t\t\t\t\t\t\t\t\t<div class=\"wpforms-container wpforms-container-full\" id=\"wpforms-236\"><form id=\"wpforms-form-236\" class=\"wpforms-validate wpforms-form wpforms-ajax-form\" data-formid=\"236\" method=\"post\" enctype=\"multipart\/form-data\" action=\"\/index.php\/wp-json\/wp\/v2\/pages\/98\" data-token=\"9db2476ba2993f16307728a5908c8a2b\" data-token-time=\"1777039571\"><noscript class=\"wpforms-error-noscript\">Bitte aktiviere JavaScript in deinem Browser, um dieses Formular fertigzustellen.<\/noscript><div class=\"wpforms-field-container\"><div id=\"wpforms-236-field_15-container\" class=\"wpforms-field wpforms-field-text\" data-field-id=\"15\"><label class=\"wpforms-field-label\" for=\"wpforms-236-field_15\">gew\u00fcnschte Anrede <span class=\"wpforms-required-label\">*<\/span><\/label><input type=\"text\" id=\"wpforms-236-field_15\" class=\"wpforms-field-small wpforms-field-required\" name=\"wpforms[fields][15]\" required><\/div><div id=\"wpforms-236-field_2-container\" class=\"wpforms-field wpforms-field-name\" data-field-id=\"2\"><label class=\"wpforms-field-label\">Name <span class=\"wpforms-required-label\">*<\/span><\/label><div class=\"wpforms-field-row wpforms-field-medium\"><div class=\"wpforms-field-row-block wpforms-first wpforms-one-half\"><input type=\"text\" id=\"wpforms-236-field_2\" class=\"wpforms-field-name-first wpforms-field-required\" name=\"wpforms[fields][2][first]\" required><label for=\"wpforms-236-field_2\" class=\"wpforms-field-sublabel after\">Vorname<\/label><\/div><div class=\"wpforms-field-row-block wpforms-one-half\"><input type=\"text\" id=\"wpforms-236-field_2-last\" class=\"wpforms-field-name-last wpforms-field-required\" name=\"wpforms[fields][2][last]\" required><label for=\"wpforms-236-field_2-last\" class=\"wpforms-field-sublabel after\">Nachname<\/label><\/div><\/div><\/div><div id=\"wpforms-236-field_3-container\" class=\"wpforms-field wpforms-field-email wpforms-conditional-trigger\" data-field-id=\"3\"><label class=\"wpforms-field-label\" for=\"wpforms-236-field_3\">E-Mail <span class=\"wpforms-required-label\">*<\/span><\/label><input type=\"email\" id=\"wpforms-236-field_3\" class=\"wpforms-field-medium wpforms-field-required\" data-rule-restricted-email=\"1\" name=\"wpforms[fields][3]\" spellcheck=\"false\" required><div class=\"wpforms-field-description\">Bitte geben Sie Ihre RUB-Email-Adresse an (sofern vorhanden), da der Empfang vertraulicher Elemente nur \u00fcber universit\u00e4tsinterne Kommunikationswege gesichert ist.<\/div><\/div><div id=\"wpforms-236-field_7-container\" class=\"wpforms-field wpforms-field-text wpforms-conditional-field wpforms-conditional-show wpforms-conditional-trigger\" data-field-id=\"7\" style=\"display:none;\"><label class=\"wpforms-field-label\" for=\"wpforms-236-field_7\">Matrikelnummer <span class=\"wpforms-required-label\">*<\/span><\/label><input type=\"text\" id=\"wpforms-236-field_7\" class=\"wpforms-field-medium wpforms-field-required wpforms-masked-input\" data-rule-inputmask-incomplete=\"1\" data-inputmask-mask=\"108999999999\" name=\"wpforms[fields][7]\" required><\/div><div id=\"wpforms-236-field_16-container\" class=\"wpforms-field wpforms-field-checkbox wpforms-conditional-field wpforms-conditional-hide\" data-field-id=\"16\"><label class=\"wpforms-field-label wpforms-label-hide\">Checkboxen <span class=\"wpforms-required-label\">*<\/span><\/label><ul id=\"wpforms-236-field_16\" class=\"wpforms-field-required\"><li class=\"choice-1 depth-1\"><input type=\"checkbox\" id=\"wpforms-236-field_16_1\" name=\"wpforms[fields][16][]\" value=\"Hiermit best\u00e4tige ich, dass ich nicht an der Ruhr-Universit\u00e4t Bochum immatrikuliert bin.  &lt;font color=&quot;red&quot;&gt;*&lt;\/font&gt;\" required ><label class=\"wpforms-field-label-inline\" for=\"wpforms-236-field_16_1\">Hiermit best\u00e4tige ich, dass ich nicht an der Ruhr-Universit\u00e4t Bochum immatrikuliert bin.  <font color=\"red\">*<\/font><\/label><\/li><\/ul><div class=\"wpforms-field-description\">Bei fehlender RUB-Email-Adresse oder Matrikelnummer m\u00fcssen Sie best\u00e4tigen, dass Sie nicht an der Ruhr-Universit\u00e4t Bochum immatrikuliert sind. <\/div><\/div><div id=\"wpforms-236-field_6-container\" class=\"wpforms-field wpforms-field-radio wpforms-list-inline wpforms-conditional-trigger\" data-field-id=\"6\"><label class=\"wpforms-field-label\">Ich w\u00fcnsche: <span class=\"wpforms-required-label\">*<\/span><\/label><ul id=\"wpforms-236-field_6\" class=\"wpforms-field-required\"><li class=\"choice-9 depth-1\"><input type=\"radio\" id=\"wpforms-236-field_6_9\" name=\"wpforms[fields][6]\" value=\"eine Erstsemesterberatung\" required ><label class=\"wpforms-field-label-inline\" for=\"wpforms-236-field_6_9\">eine Erstsemesterberatung<\/label><\/li><li class=\"choice-10 depth-1\"><input type=\"radio\" id=\"wpforms-236-field_6_10\" name=\"wpforms[fields][6]\" value=\"eine Beratung zu allen Profilen\" required ><label class=\"wpforms-field-label-inline\" for=\"wpforms-236-field_6_10\">eine Beratung zu allen Profilen<\/label><\/li><li class=\"choice-8 depth-1\"><input type=\"radio\" id=\"wpforms-236-field_6_8\" name=\"wpforms[fields][6]\" value=\"eine Beratung zu speziellen Profilen\" required ><label class=\"wpforms-field-label-inline\" for=\"wpforms-236-field_6_8\">eine Beratung zu speziellen Profilen<\/label><\/li><li class=\"choice-11 depth-1\"><input type=\"radio\" id=\"wpforms-236-field_6_11\" name=\"wpforms[fields][6]\" value=\"eine Beratung zu folgendem weiteren Anliegen:\" required ><label class=\"wpforms-field-label-inline\" for=\"wpforms-236-field_6_11\">eine Beratung zu folgendem weiteren Anliegen:<\/label><\/li><\/ul><\/div><div id=\"wpforms-236-field_10-container\" class=\"wpforms-field wpforms-field-textarea wpforms-conditional-field wpforms-conditional-show\" data-field-id=\"10\" style=\"display:none;\"><label class=\"wpforms-field-label wpforms-label-hide\" for=\"wpforms-236-field_10\">weiteres Anliegen: <span class=\"wpforms-required-label\">*<\/span><\/label><textarea id=\"wpforms-236-field_10\" class=\"wpforms-field-medium wpforms-field-required\" name=\"wpforms[fields][10]\" required><\/textarea><\/div><div id=\"wpforms-236-field_9-container\" class=\"wpforms-field wpforms-field-checkbox wpforms-list-3-columns wpforms-conditional-field wpforms-conditional-show\" data-field-id=\"9\" style=\"display:none;\"><label class=\"wpforms-field-label\">Profile <span class=\"wpforms-required-label\">*<\/span><\/label><ul id=\"wpforms-236-field_9\" class=\"wpforms-field-required\"><li class=\"choice-9 depth-1\"><input type=\"checkbox\" id=\"wpforms-236-field_9_9\" name=\"wpforms[fields][9][]\" value=\"Forschung\" required ><label class=\"wpforms-field-label-inline\" for=\"wpforms-236-field_9_9\">Forschung<\/label><\/li><li class=\"choice-12 depth-1\"><input type=\"checkbox\" id=\"wpforms-236-field_9_12\" name=\"wpforms[fields][9][]\" value=\"Freie Studien\" required ><label class=\"wpforms-field-label-inline\" for=\"wpforms-236-field_9_12\">Freie Studien<\/label><\/li><li class=\"choice-10 depth-1\"><input type=\"checkbox\" id=\"wpforms-236-field_9_10\" name=\"wpforms[fields][9][]\" value=\"International\" required ><label class=\"wpforms-field-label-inline\" for=\"wpforms-236-field_9_10\">International<\/label><\/li><li class=\"choice-5 depth-1\"><input type=\"checkbox\" id=\"wpforms-236-field_9_5\" name=\"wpforms[fields][9][]\" value=\"Lehramt\" required ><label class=\"wpforms-field-label-inline\" for=\"wpforms-236-field_9_5\">Lehramt<\/label><\/li><li class=\"choice-6 depth-1\"><input type=\"checkbox\" id=\"wpforms-236-field_9_6\" name=\"wpforms[fields][9][]\" value=\"Zukunft\" required ><label class=\"wpforms-field-label-inline\" for=\"wpforms-236-field_9_6\">Zukunft<\/label><\/li><li class=\"choice-4 depth-1\"><input type=\"checkbox\" id=\"wpforms-236-field_9_4\" name=\"wpforms[fields][9][]\" value=\"Praxis\" required ><label class=\"wpforms-field-label-inline\" for=\"wpforms-236-field_9_4\">Praxis<\/label><\/li><li class=\"choice-7 depth-1\"><input type=\"checkbox\" id=\"wpforms-236-field_9_7\" name=\"wpforms[fields][9][]\" value=\"Sprachen\" required ><label class=\"wpforms-field-label-inline\" for=\"wpforms-236-field_9_7\">Sprachen<\/label><\/li><li class=\"choice-11 depth-1\"><input type=\"checkbox\" id=\"wpforms-236-field_9_11\" name=\"wpforms[fields][9][]\" value=\"Wissensvermittlung\" required ><label class=\"wpforms-field-label-inline\" for=\"wpforms-236-field_9_11\">Wissensvermittlung<\/label><\/li><\/ul><\/div><div id=\"wpforms-236-field_11-container\" class=\"wpforms-field wpforms-field-textarea wpforms-conditional-field wpforms-conditional-show\" data-field-id=\"11\" style=\"display:none;\"><label class=\"wpforms-field-label\" for=\"wpforms-236-field_11\">Ich habe des weiteren folgendes Anliegen:<\/label><textarea id=\"wpforms-236-field_11\" class=\"wpforms-field-medium\" name=\"wpforms[fields][11]\" ><\/textarea><\/div><div id=\"wpforms-236-field_17-container\" class=\"wpforms-field wpforms-field-checkbox\" data-field-id=\"17\"><label class=\"wpforms-field-label wpforms-label-hide\">Checkboxen <span class=\"wpforms-required-label\">*<\/span><\/label><ul id=\"wpforms-236-field_17\" class=\"wpforms-field-required\"><li class=\"choice-3 depth-1\"><input type=\"checkbox\" id=\"wpforms-236-field_17_3\" name=\"wpforms[fields][17][]\" value=\"&lt;input type=&quot;checkbox&quot; name=&quot;Datenschutz&quot; required&gt; Ja, ich stimme den &lt;a href=&quot;https:\/\/www.ruhr-uni-bochum.de\/de\/datenschutz&quot;&gt;Datenschutzbestimmungen der Ruhr-Universit\u00e4t&lt;\/a&gt; zu, und erteile  die Erlaubnis, meine hier angegebenen Daten zum Zweck einer Antwort zu verarbeiten. &lt;font color=&quot;red&quot;&gt;*&lt;\/font&gt;\" required ><label class=\"wpforms-field-label-inline\" for=\"wpforms-236-field_17_3\"><input type=\"checkbox\" name=\"Datenschutz\" required> Ja, ich stimme den <a href=\"https:\/\/www.ruhr-uni-bochum.de\/de\/datenschutz\">Datenschutzbestimmungen der Ruhr-Universit\u00e4t<\/a> zu, und erteile  die Erlaubnis, meine hier angegebenen Daten zum Zweck einer Antwort zu verarbeiten. <font color=\"red\">*<\/font><\/label><\/li><\/ul><\/div><\/div><!-- .wpforms-field-container --><div class=\"wpforms-recaptcha-container wpforms-is-recaptcha wpforms-is-recaptcha-type-invisible\" ><div class=\"g-recaptcha\" data-sitekey=\"6LdHFSwmAAAAAGQu_NEEYwroU_YaL8yAvfbsYGTU\" data-size=\"invisible\"><\/div><\/div><div class=\"wpforms-submit-container\" ><input type=\"hidden\" name=\"wpforms[id]\" value=\"236\"><input type=\"hidden\" name=\"page_title\" value=\"\"><input type=\"hidden\" name=\"page_url\" value=\"https:\/\/optio.ruhr-uni-bochum.de\/index.php\/wp-json\/wp\/v2\/pages\/98\"><input type=\"hidden\" name=\"url_referer\" value=\"\"><button type=\"submit\" name=\"wpforms[submit]\" id=\"wpforms-submit-236\" class=\"wpforms-submit\" data-alt-text=\"Senden...\" data-submit-text=\"Absenden\" aria-live=\"assertive\" value=\"wpforms-submit\">Absenden<\/button><img decoding=\"async\" src=\"https:\/\/optio.ruhr-uni-bochum.de\/wp-content\/plugins\/wpforms\/assets\/images\/submit-spin.svg\" class=\"wpforms-submit-spinner\" style=\"display: none;\" width=\"26\" height=\"26\" alt=\"Wird geladen\"><\/div><\/form><\/div>  <!-- .wpforms-container -->\t\t\t\t\t\t\t\t<\/div>\n\t\t\t\t<\/div>\n\t\t\t\t\t<\/div>\n\t\t<\/div>\n\t\t\t\t\t<\/div>\n\t\t<\/section>\n\t\t\t\t<section class=\"elementor-section elementor-top-section elementor-element elementor-element-e35e105 elementor-section-boxed elementor-section-height-default elementor-section-height-default\" data-id=\"e35e105\" data-element_type=\"section\" data-e-type=\"section\" data-settings=\"{&quot;_ha_eqh_enable&quot;:false}\">\n\t\t\t\t\t\t<div class=\"elementor-container elementor-column-gap-default\">\n\t\t\t\t\t<div class=\"elementor-column elementor-col-100 elementor-top-column elementor-element elementor-element-1928a6c\" data-id=\"1928a6c\" data-element_type=\"column\" data-e-type=\"column\">\n\t\t\t<div class=\"elementor-widget-wrap elementor-element-populated\">\n\t\t\t\t\t\t<div class=\"elementor-element elementor-element-2e29128 elementor-widget elementor-widget-spacer\" data-id=\"2e29128\" data-element_type=\"widget\" data-e-type=\"widget\" data-widget_type=\"spacer.default\">\n\t\t\t\t<div class=\"elementor-widget-container\">\n\t\t\t\t\t\t\t<div class=\"elementor-spacer\">\n\t\t\t<div class=\"elementor-spacer-inner\"><\/div>\n\t\t<\/div>\n\t\t\t\t\t\t<\/div>\n\t\t\t\t<\/div>\n\t\t\t\t\t<\/div>\n\t\t<\/div>\n\t\t\t\t\t<\/div>\n\t\t<\/section>\n\t\t\t\t<\/div>\n\t\t","protected":false},"excerpt":{"rendered":"<p>Allgemeine Beratung Profilhandbuch Optionalbereich Handelt es sich bei Ihrem Anliegen um Formbl\u00e4tter zur Pr\u00fcfungsanmeldung, Praktika oder die Anerkennung von Studienleistungen, verwenden Sie bitte die jeweiligen themenspezifischen Kontaktformulare. Sie sind neu an der Ruhr-Universit\u00e4t Bochum und studieren einen zwei-Fach-Bachelor&#8211; oder einen Ein-Fach-Bachelor-Studiengang mit Optionalbereich? Um einen \u00dcberblick \u00fcber das Studium und [&hellip;]<\/p>\n","protected":false},"author":1,"featured_media":0,"parent":0,"menu_order":0,"comment_status":"closed","ping_status":"closed","template":"","meta":{"_themeisle_gutenberg_block_has_review":false,"footnotes":""},"class_list":["post-98","page","type-page","status-publish","hentry"],"_links":{"self":[{"href":"https:\/\/optio.ruhr-uni-bochum.de\/index.php\/wp-json\/wp\/v2\/pages\/98","targetHints":{"allow":["GET"]}}],"collection":[{"href":"https:\/\/optio.ruhr-uni-bochum.de\/index.php\/wp-json\/wp\/v2\/pages"}],"about":[{"href":"https:\/\/optio.ruhr-uni-bochum.de\/index.php\/wp-json\/wp\/v2\/types\/page"}],"author":[{"embeddable":true,"href":"https:\/\/optio.ruhr-uni-bochum.de\/index.php\/wp-json\/wp\/v2\/users\/1"}],"replies":[{"embeddable":true,"href":"https:\/\/optio.ruhr-uni-bochum.de\/index.php\/wp-json\/wp\/v2\/comments?post=98"}],"version-history":[{"count":106,"href":"https:\/\/optio.ruhr-uni-bochum.de\/index.php\/wp-json\/wp\/v2\/pages\/98\/revisions"}],"predecessor-version":[{"id":8123,"href":"https:\/\/optio.ruhr-uni-bochum.de\/index.php\/wp-json\/wp\/v2\/pages\/98\/revisions\/8123"}],"wp:attachment":[{"href":"https:\/\/optio.ruhr-uni-bochum.de\/index.php\/wp-json\/wp\/v2\/media?parent=98"}],"curies":[{"name":"wp","href":"https:\/\/api.w.org\/{rel}","templated":true}]}}